{"id":6797,"date":"2024-06-10T11:05:27","date_gmt":"2024-06-10T09:05:27","guid":{"rendered":"https:\/\/www.newvision.be\/ophtalmologie-pediatrique\/"},"modified":"2025-06-01T15:06:29","modified_gmt":"2025-06-01T13:06:29","slug":"ophtalmologie-pediatrique","status":"publish","type":"page","link":"https:\/\/www.newvision.be\/fr\/traitements\/ophtalmologie-pediatrique\/","title":{"rendered":"Ophtalmologie p\u00e9diatrique"},"content":{"rendered":"<p>[et_pb_section fb_built=\u00a0\u00bb1&Prime; custom_padding_last_edited=\u00a0\u00bbon|phone\u00a0\u00bb disabled_on=\u00a0\u00bboff|off|off\u00a0\u00bb module_id=\u00a0\u00bbnv_header\u00a0\u00bb _builder_version=\u00a0\u00bb4.24.0&Prime; _module_preset=\u00a0\u00bbdefault\u00a0\u00bb background_image=\u00a0\u00bbhttps:\/\/www.newvision.be\/wp-content\/uploads\/2023\/11\/oogartsen-oogkliniek-scaled.jpg\u00a0\u00bb min_height_tablet=\u00a0\u00bb\u00a0\u00bb min_height_phone=\u00a0\u00bb\u00a0\u00bb min_height_last_edited=\u00a0\u00bbon|phone\u00a0\u00bb height_tablet=\u00a0\u00bb\u00a0\u00bb height_phone=\u00a0\u00bb200px\u00a0\u00bb height_last_edited=\u00a0\u00bbon|phone\u00a0\u00bb max_height_tablet=\u00a0\u00bb\u00a0\u00bb max_height_phone=\u00a0\u00bb255px\u00a0\u00bb max_height_last_edited=\u00a0\u00bbon|phone\u00a0\u00bb custom_margin=\u00a0\u00bb0px||0px||false|false\u00a0\u00bb custom_padding=\u00a0\u00bb40px||40px||false|false\u00a0\u00bb custom_padding_tablet=\u00a0\u00bb40px||40px||false|false\u00a0\u00bb custom_padding_phone=\u00a0\u00bb40px||0px||false|false\u00a0\u00bb background_last_edited=\u00a0\u00bbon|phone\u00a0\u00bb background_position_phone=\u00a0\u00bbtop_right\u00a0\u00bb background_horizontal_offset_phone=\u00a0\u00bb0%\u00a0\u00bb background_vertical_offset_phone=\u00a0\u00bb-20%\u00a0\u00bb custom_css_main_element=\u00a0\u00bbposition: relative;\u00a0\u00bb global_colors_info=\u00a0\u00bb{}\u00a0\u00bb][et_pb_row custom_padding_last_edited=\u00a0\u00bbon|phone\u00a0\u00bb _builder_version=\u00a0\u00bb4.24.0&Prime; _module_preset=\u00a0\u00bbdefault\u00a0\u00bb background_enable_color=\u00a0\u00bboff\u00a0\u00bb position_origin_a=\u00a0\u00bbcenter_center\u00a0\u00bb width=\u00a0\u00bb100%\u00a0\u00bb module_alignment=\u00a0\u00bbcenter\u00a0\u00bb max_height_tablet=\u00a0\u00bb\u00a0\u00bb max_height_phone=\u00a0\u00bb242px\u00a0\u00bb max_height_last_edited=\u00a0\u00bbon|phone\u00a0\u00bb custom_margin=\u00a0\u00bb0px||||false|false\u00a0\u00bb custom_margin_tablet=\u00a0\u00bb0px||||false|false\u00a0\u00bb custom_margin_phone=\u00a0\u00bb14px||||false|false\u00a0\u00bb custom_margin_last_edited=\u00a0\u00bbon|phone\u00a0\u00bb custom_padding=\u00a0\u00bb0px|10px|0px|10px|false|true\u00a0\u00bb custom_padding_tablet=\u00a0\u00bb0px|10px|0px|10px|false|true\u00a0\u00bb custom_padding_phone=\u00a0\u00bb90px|10px|0px|10px|false|true\u00a0\u00bb scroll_blur=\u00a0\u00bb0|40|60|100|0px|0px|5px\u00a0\u00bb global_colors_info=\u00a0\u00bb{}\u00a0\u00bb][et_pb_column type=\u00a0\u00bb4_4&Prime; _builder_version=\u00a0\u00bb4.16&Prime; _module_preset=\u00a0\u00bbdefault\u00a0\u00bb global_colors_info=\u00a0\u00bb{}\u00a0\u00bb][et_pb_text content_last_edited=\u00a0\u00bboff|desktop\u00a0\u00bb _builder_version=\u00a0\u00bb4.24.0&Prime; _module_preset=\u00a0\u00bbdefault\u00a0\u00bb text_text_color=\u00a0\u00bb#003E6A\u00a0\u00bb text_font_size=\u00a0\u00bb45px\u00a0\u00bb text_line_height=\u00a0\u00bb2.1em\u00a0\u00bb header_text_align=\u00a0\u00bbcenter\u00a0\u00bb header_text_color=\u00a0\u00bb#003E6A\u00a0\u00bb header_font_size=\u00a0\u00bb2.8rem\u00a0\u00bb max_height_tablet=\u00a0\u00bb\u00a0\u00bb max_height_phone=\u00a0\u00bb\u00a0\u00bb max_height_last_edited=\u00a0\u00bbon|phone\u00a0\u00bb custom_padding_tablet=\u00a0\u00bb\u00a0\u00bb custom_padding_phone=\u00a0\u00bb|||30px|false|false\u00a0\u00bb custom_padding_last_edited=\u00a0\u00bbon|phone\u00a0\u00bb text_text_color_tablet=\u00a0\u00bb#003E6A\u00a0\u00bb text_text_color_phone=\u00a0\u00bb#BCBDC0&Prime; text_text_color_last_edited=\u00a0\u00bbon|phone\u00a0\u00bb text_font_size_tablet=\u00a0\u00bb36px\u00a0\u00bb text_font_size_phone=\u00a0\u00bb26px\u00a0\u00bb text_font_size_last_edited=\u00a0\u00bbon|phone\u00a0\u00bb header_text_color_tablet=\u00a0\u00bb#003E6A\u00a0\u00bb header_text_color_phone=\u00a0\u00bbgcid-8ec78eba-9b16-4420-864c-da246fc0190d\u00a0\u00bb header_text_color_last_edited=\u00a0\u00bbon|desktop\u00a0\u00bb header_font_size_tablet=\u00a0\u00bb\u00a0\u00bb header_font_size_phone=\u00a0\u00bb26px\u00a0\u00bb header_font_size_last_edited=\u00a0\u00bbon|desktop\u00a0\u00bb global_colors_info=\u00a0\u00bb{%22gcid-8ec78eba-9b16-4420-864c-da246fc0190d%22:%91%22header_text_color_phone%22%93}\u00a0\u00bb]<\/p>\n<h1 style=\"text-align: left; colour: #003e6a !important;\"><span> <\/span><\/h1>\n<h1 style=\"text-align: left;\">Ophtalmologie p\u00e9diatrique<\/h1>\n<p>&nbsp;<\/p>\n<p>[\/et_pb_text][\/et_pb_column][\/et_pb_row][\/et_pb_section][et_pb_section fb_built=\u00a0\u00bb1&Prime; _builder_version=\u00a0\u00bb4.24.0&Prime; _module_preset=\u00a0\u00bbdefault\u00a0\u00bb min_height=\u00a0\u00bb1142.3px\u00a0\u00bb custom_margin=\u00a0\u00bb0px||||false|false\u00a0\u00bb custom_padding=\u00a0\u00bb50px||||false|false\u00a0\u00bb global_colors_info=\u00a0\u00bb{}\u00a0\u00bb][et_pb_row _builder_version=\u00a0\u00bb4.24.0&Prime; _module_preset=\u00a0\u00bbdefault\u00a0\u00bb custom_margin=\u00a0\u00bb0px||||false|false\u00a0\u00bb custom_padding=\u00a0\u00bb0px||5px||false|false\u00a0\u00bb global_colors_info=\u00a0\u00bb{}\u00a0\u00bb][et_pb_column type=\u00a0\u00bb4_4&Prime; _builder_version=\u00a0\u00bb4.21.0&Prime; _module_preset=\u00a0\u00bbdefault\u00a0\u00bb global_colors_info=\u00a0\u00bb{}\u00a0\u00bb][et_pb_text _builder_version=\u00a0\u00bb4.24.0&Prime; _module_preset=\u00a0\u00bbdefault\u00a0\u00bb custom_margin=\u00a0\u00bb0px||0px||false|false\u00a0\u00bb custom_padding=\u00a0\u00bb0px||0px||false|false\u00a0\u00bb global_colors_info=\u00a0\u00bb{}\u00a0\u00bb]<\/p>\n<h3>L&rsquo;ophtalmologie p\u00e9diatrique se concentre sur l&rsquo;\u00e9valuation et le traitement des probl\u00e8mes oculaires sp\u00e9cifiques aux enfants, y compris\u00a0:<\/h3>\n<p>[\/et_pb_text][\/et_pb_column][\/et_pb_row][et_pb_row column_structure=\u00a0\u00bb2_3,1_3&Prime; _builder_version=\u00a0\u00bb4.24.0&Prime; _module_preset=\u00a0\u00bbdefault\u00a0\u00bb custom_margin=\u00a0\u00bb0px||||false|false\u00a0\u00bb custom_padding=\u00a0\u00bb0px||||false|false\u00a0\u00bb global_colors_info=\u00a0\u00bb{}\u00a0\u00bb][et_pb_column type=\u00a0\u00bb2_3&Prime; _builder_version=\u00a0\u00bb4.21.0&Prime; _module_preset=\u00a0\u00bbdefault\u00a0\u00bb global_colors_info=\u00a0\u00bb{}\u00a0\u00bb][et_pb_text _builder_version=\u00a0\u00bb4.24.0&Prime; _module_preset=\u00a0\u00bbdefault\u00a0\u00bb custom_margin=\u00a0\u00bb0px||||false|false\u00a0\u00bb custom_padding=\u00a0\u00bb0px||||false|false\u00a0\u00bb global_colors_info=\u00a0\u00bb{}\u00a0\u00bb]<\/p>\n<ul>\n<ul>\n<li><span><\/span><a href=\"https:\/\/www.newvision.be\/fr\/traitements\/orthoptie\/#Amblyopie\">Amblyopie (\u0153il paresseux)<\/a> : il s&rsquo;agit d&rsquo;une condition dans laquelle un \u0153il, dont la construction et la vision sont normales, voit moins bien parce que sa connexion avec le cerveau n&rsquo;a pas pu se d\u00e9velopper correctement.<\/li>\n<li><a href=\"https:\/\/www.newvision.be\/fr\/traitements\/orthoptie\/\">Strabisme<\/a>\u00a0: il s&rsquo;agit d&rsquo;une anomalie de la position des yeux. Les yeux ne sont pas focalis\u00e9s sur le m\u00eame point. Cela peut se produire chez les enfants et les adultes.<\/li>\n<li>Erreurs de r\u00e9fractions : Il s&rsquo;agit notamment de la myopie, de l&rsquo;hyperm\u00e9tropie et de l&rsquo;astigmatisme, qui peuvent affecter la capacit\u00e9 de l&rsquo;enfant \u00e0 voir nettement des objets \u00e0 diff\u00e9rentes distances. L&rsquo;adaptation des lunettes peut \u00eatre indiqu\u00e9e dans ce cas.<\/li>\n<li>Infections oculaires\u00a0: Les infections telles que la conjonctivite (yeux rouges), la k\u00e9ratite et l&rsquo;uv\u00e9ite peuvent affecter les yeux des enfants et n\u00e9cessitent un traitement pr\u00e9coce<\/li>\n<\/ul>\n<\/ul>\n<p>.<\/p>\n<p>La vue joue un r\u00f4le essentiel dans le d\u00e9veloppement et le bien-\u00eatre des enfants, et il est important de pr\u00e9venir, de diagnostiquer et de traiter rapidement tout probl\u00e8me oculaire. Consultez la <a href=\"https:\/\/www.newvision.be\/wp-content\/uploads\/2025\/04\/cid31F3C8B1-335D-4E1D-A5D8-074B963CA97C.pdf\">campagne de pr\u00e9vention du Groupe de travail belge sur la myopie. <\/a><span>En cas de myopie progressive, le traitement de la myopie consiste \u00e0 modifier le mode de vie, \u00e0 utiliser des gouttes oculaires \u00e0 base d&rsquo;atropine, \u00e0 adapter les verres de lunettes ou \u00e0 combiner ces mesures.<\/span><\/p>\n<p>[\/et_pb_text][\/et_pb_column][et_pb_column type=\u00a0\u00bb1_3&Prime; _builder_version=\u00a0\u00bb4.21.0&Prime; _module_preset=\u00a0\u00bbdefault\u00a0\u00bb global_colors_info=\u00a0\u00bb{}\u00a0\u00bb][et_pb_image src=\u00a0\u00bbhttps:\/\/www.newvision.be\/wp-content\/uploads\/2024\/10\/New-Vision-kinderoftalmologie-2-scaled-e1729937532411.jpg\u00a0\u00bb alt=\u00a0\u00bbNew Vision &#8211; ophtalmologie p\u00e9diatrique\u00a0\u00bb title_text=\u00a0\u00bbNew Vision &#8211; ophtalmologie p\u00e9diatrique 2&Prime; _builder_version=\u00a0\u00bb4.24.0&Prime; _module_preset=\u00a0\u00bbdefault\u00a0\u00bb global_colors_info=\u00a0\u00bb{}\u00a0\u00bb][\/et_pb_image][\/et_pb_column][\/et_pb_row][et_pb_row column_structure=\u00a0\u00bb2_3,1_3&Prime; _builder_version=\u00a0\u00bb4.24.0&Prime; _module_preset=\u00a0\u00bbdefault\u00a0\u00bb custom_margin=\u00a0\u00bb0px||||false|false\u00a0\u00bb custom_padding=\u00a0\u00bb0px||||false|false\u00a0\u00bb global_colors_info=\u00a0\u00bb{}\u00a0\u00bb][et_pb_column type=\u00a0\u00bb2_3&Prime; _builder_version=\u00a0\u00bb4.21.0&Prime; _module_preset=\u00a0\u00bbdefault\u00a0\u00bb global_colors_info=\u00a0\u00bb{}\u00a0\u00bb][et_pb_text _builder_version=\u00a0\u00bb4.24.0&Prime; _module_preset=\u00a0\u00bbdefault\u00a0\u00bb custom_margin=\u00a0\u00bb0px||||false|false\u00a0\u00bb custom_padding=\u00a0\u00bb0px||||false|false\u00a0\u00bb global_colors_info=\u00a0\u00bb{}\u00a0\u00bb]<\/p>\n<p>Notre \u00e9quipe d&rsquo;ophtalmologues et d&rsquo;orthoptistes p\u00e9diatriques comprend les besoins et les sensibilit\u00e9s uniques des jeunes patients et s&rsquo;efforce de leur offrir un environnement confortable et favorable. Nous utilisons des m\u00e9thodes d&rsquo;examen adapt\u00e9es aux enfants pour r\u00e9aliser des \u00e9valuations pr\u00e9cises et \u00e9laborer des plans de traitement sur mesure pour chaque enfant, en collaboration avec nos orthoptistes et nos optom\u00e9tristes.<\/p>\n<p>La plupart du temps, votre fils\/fille recevra des gouttes ophtalmiques lors du premier rendez-vous. Celles-ci doivent agir pendant au moins une demi-heure, le temps d&rsquo;attente peut donc \u00eatre un peu long. La vision de votre enfant sera l\u00e9g\u00e8rement floue pendant quelques heures en raison des gouttes d&rsquo;examen.<\/p>\n<p>Pour les enfants de 3 ans, nous effectuons g\u00e9n\u00e9ralement le test des images de Kay. Vous pouvez d\u00e9j\u00e0 utiliser les images de mani\u00e8re ludique (voir image). \u00c0 partir de 5 ans, nous travaillons avec le test de Keeler Logmar (voir image).<\/p>\n<p>[\/et_pb_text][\/et_pb_column][et_pb_column type=\u00a0\u00bb1_3&Prime; _builder_version=\u00a0\u00bb4.21.0&Prime; _module_preset=\u00a0\u00bbdefault\u00a0\u00bb global_colors_info=\u00a0\u00bb{}\u00a0\u00bb][et_pb_image src=\u00a0\u00bbhttps:\/\/www.newvision.be\/wp-content\/uploads\/2024\/10\/New-Vision-kinderoftalmologie-scaled.jpg\u00a0\u00bb alt=\u00a0\u00bbNew Vision &#8211; ophtalmologie p\u00e9diatrique\u00a0\u00bb title_text=\u00a0\u00bbNew Vision &#8211; ophtalmologie p\u00e9diatrique\u00a0\u00bb _builder_version=\u00a0\u00bb4.24.0&Prime; _module_preset=\u00a0\u00bbdefault\u00a0\u00bb global_colors_info=\u00a0\u00bb{}\u00a0\u00bb][\/et_pb_image][\/et_pb_column][\/et_pb_row][et_pb_row _builder_version=\u00a0\u00bb4.24.0&Prime; _module_preset=\u00a0\u00bbdefault\u00a0\u00bb custom_margin=\u00a0\u00bb0px||||false|false\u00a0\u00bb custom_padding=\u00a0\u00bb0px||||false|false\u00a0\u00bb global_colors_info=\u00a0\u00bb{}\u00a0\u00bb][et_pb_column type=\u00a0\u00bb4_4&Prime; _builder_version=\u00a0\u00bb4.24.0&Prime; _module_preset=\u00a0\u00bbdefault\u00a0\u00bb global_colors_info=\u00a0\u00bb{}\u00a0\u00bb][et_pb_text _builder_version=\u00a0\u00bb4.24.0&Prime; _module_preset=\u00a0\u00bbdefault\u00a0\u00bb global_colors_info=\u00a0\u00bb{}\u00a0\u00bb]<img decoding=\"async\" src=\"https:\/\/www.newvision.be\/wp-content\/uploads\/2025\/01\/kinderoftalmologie.jpg\" height=\"256\"  style=\"height:256px\"  alt=\"kinderoftalmologie\" class=\"wp-image-6935 alignnone size-medium\" srcset=\"https:\/\/www.newvision.be\/wp-content\/uploads\/2025\/01\/kinderoftalmologie.jpg 906w, https:\/\/www.newvision.be\/wp-content\/uploads\/2025\/01\/kinderoftalmologie-480x376.jpg 480w\" sizes=\"(min-width: 0px) and (max-width: 480px) 480px, (min-width: 481px) 906px, 100vw\" \/><img decoding=\"async\" src=\"https:\/\/www.newvision.be\/wp-content\/uploads\/2025\/01\/kinderoftalmologie2.jpg\" height=\"256\" style=\"height:256px\" alt=\"kinderoftalmologie\" class=\"wp-image-6938 alignnone size-medium\" srcset=\"https:\/\/www.newvision.be\/wp-content\/uploads\/2025\/01\/kinderoftalmologie2.jpg 691w, https:\/\/www.newvision.be\/wp-content\/uploads\/2025\/01\/kinderoftalmologie2-480x310.jpg 480w\" sizes=\"(min-width: 0px) and (max-width: 480px) 480px, (min-width: 481px) 691px, 100vw\" \/>[\/et_pb_text][\/et_pb_column][\/et_pb_row][et_pb_row _builder_version=\u00a0\u00bb4.24.0&Prime; _module_preset=\u00a0\u00bbdefault\u00a0\u00bb custom_margin=\u00a0\u00bb0px||||false|false\u00a0\u00bb custom_padding=\u00a0\u00bb0px||||false|false\u00a0\u00bb global_colors_info=\u00a0\u00bb{}\u00a0\u00bb][et_pb_column type=\u00a0\u00bb4_4&Prime; _builder_version=\u00a0\u00bb4.24.0&Prime; _module_preset=\u00a0\u00bbdefault\u00a0\u00bb global_colors_info=\u00a0\u00bb{}\u00a0\u00bb][et_pb_text _builder_version=\u00a0\u00bb4.24.0&Prime; _module_preset=\u00a0\u00bbdefault\u00a0\u00bb custom_margin=\u00a0\u00bb0px||||false|false\u00a0\u00bb custom_padding=\u00a0\u00bb0px||||false|false\u00a0\u00bb global_colors_info=\u00a0\u00bb{}\u00a0\u00bb]<\/p>\n<p>&nbsp;<\/p>\n<p>Que vous soyez pr\u00e9occup\u00e9 par la sant\u00e9 oculaire de votre enfant ou que vous ayez \u00e9t\u00e9 orient\u00e9 par l&rsquo;Enfant et la Famille ou le CLB, nous sommes l\u00e0 pour vous aider.<\/p>\n<p>[\/et_pb_text][\/et_pb_column][\/et_pb_row][et_pb_row _builder_version=\u00a0\u00bb4.16&Prime; _module_preset=\u00a0\u00bbdefault\u00a0\u00bb locked=\u00a0\u00bboff\u00a0\u00bb global_colors_info=\u00a0\u00bb{}\u00a0\u00bb][et_pb_column type=\u00a0\u00bb4_4&Prime; _builder_version=\u00a0\u00bb4.16&Prime; _module_preset=\u00a0\u00bbdefault\u00a0\u00bb global_colors_info=\u00a0\u00bb{}\u00a0\u00bb][et_pb_button button_url=\u00a0\u00bb\/fr\/prenez-rendez-vous\/?b=ophtalmologie-pediatrique\u00a0\u00bb url_new_window=\u00a0\u00bbon\u00a0\u00bb button_text=\u00a0\u00bbPrenez rendez-vous ici\u00a0\u00bb button_alignment=\u00a0\u00bbleft\u00a0\u00bb _builder_version=\u00a0\u00bb4.24.0&Prime; _module_preset=\u00a0\u00bbdefault\u00a0\u00bb custom_button=\u00a0\u00bbon\u00a0\u00bb button_bg_color=\u00a0\u00bb#AF0061&Prime; hover_enabled=\u00a0\u00bb0&Prime; global_colors_info=\u00a0\u00bb{}\u00a0\u00bb button_bg_color__hover=\u00a0\u00bb#6A2D91&Prime; button_bg_color__hover_enabled=\u00a0\u00bbon|hover\u00a0\u00bb button_bg_enable_color__hover=\u00a0\u00bbon\u00a0\u00bb sticky_enabled=\u00a0\u00bb0&Prime;][\/et_pb_button][\/et_pb_column][\/et_pb_row][\/et_pb_section]<\/p>\n","protected":false},"excerpt":{"rendered":"<p>Ophtalmologie p\u00e9diatrique &nbsp;L&rsquo;ophtalmologie p\u00e9diatrique se concentre sur l&rsquo;\u00e9valuation et le traitement des probl\u00e8mes oculaires sp\u00e9cifiques aux enfants, y compris\u00a0: Amblyopie (\u0153il paresseux) : il s&rsquo;agit d&rsquo;une condition dans laquelle un \u0153il, dont la construction et la vision sont normales, voit moins bien parce que sa connexion avec le cerveau n&rsquo;a pas pu se d\u00e9velopper correctement. [&hellip;]<\/p>\n","protected":false},"author":5,"featured_media":0,"parent":6832,"menu_order":0,"comment_status":"closed","ping_status":"closed","template":"","meta":{"_acf_changed":false,"_et_pb_use_builder":"on","_et_pb_old_content":"","_et_gb_content_width":"","om_disable_all_campaigns":false,"footnotes":""},"class_list":["post-6797","page","type-page","status-publish","hentry"],"acf":[],"yoast_head":"<!-- This site is optimized with the Yoast SEO plugin v25.2 - https:\/\/yoast.com\/wordpress\/plugins\/seo\/ -->\n<title>Ophtalmologie p\u00e9diatrique - New Vision Oogklinieken<\/title>\n<meta name=\"robots\" content=\"index, follow, max-snippet:-1, max-image-preview:large, max-video-preview:-1\" \/>\n<link rel=\"canonical\" href=\"https:\/\/www.newvision.be\/fr\/traitements\/ophtalmologie-pediatrique\/\" \/>\n<meta property=\"og:locale\" content=\"fr_FR\" \/>\n<meta property=\"og:type\" content=\"article\" \/>\n<meta property=\"og:title\" content=\"Ophtalmologie p\u00e9diatrique - New Vision Oogklinieken\" \/>\n<meta property=\"og:description\" content=\"Ophtalmologie p\u00e9diatrique &nbsp;L&#039;ophtalmologie p\u00e9diatrique se concentre sur l&#039;\u00e9valuation et le traitement des probl\u00e8mes oculaires sp\u00e9cifiques aux enfants, y compris\u00a0: Amblyopie (\u0153il paresseux) : il s&#039;agit d&#039;une condition dans laquelle un \u0153il, dont la construction et la vision sont normales, voit moins bien parce que sa connexion avec le cerveau n&#039;a pas pu se d\u00e9velopper correctement. [&hellip;]\" \/>\n<meta property=\"og:url\" content=\"https:\/\/www.newvision.be\/fr\/traitements\/ophtalmologie-pediatrique\/\" \/>\n<meta property=\"og:site_name\" content=\"New Vision Oogklinieken\" \/>\n<meta property=\"article:modified_time\" content=\"2025-06-01T13:06:29+00:00\" \/>\n<meta property=\"og:image\" content=\"https:\/\/www.newvision.be\/wp-content\/uploads\/2025\/01\/kinderoftalmologie.jpg\" \/>\n<meta name=\"twitter:card\" content=\"summary_large_image\" \/>\n<meta name=\"twitter:label1\" content=\"Dur\u00e9e de lecture estim\u00e9e\" \/>\n\t<meta name=\"twitter:data1\" content=\"7 minutes\" \/>\n<script type=\"application\/ld+json\" class=\"yoast-schema-graph\">{\"@context\":\"https:\/\/schema.org\",\"@graph\":[{\"@type\":\"WebPage\",\"@id\":\"https:\/\/www.newvision.be\/fr\/traitements\/ophtalmologie-pediatrique\/\",\"url\":\"https:\/\/www.newvision.be\/fr\/traitements\/ophtalmologie-pediatrique\/\",\"name\":\"Ophtalmologie p\u00e9diatrique - New Vision Oogklinieken\",\"isPartOf\":{\"@id\":\"https:\/\/www.newvision.be\/fr\/#website\"},\"primaryImageOfPage\":{\"@id\":\"https:\/\/www.newvision.be\/fr\/traitements\/ophtalmologie-pediatrique\/#primaryimage\"},\"image\":{\"@id\":\"https:\/\/www.newvision.be\/fr\/traitements\/ophtalmologie-pediatrique\/#primaryimage\"},\"thumbnailUrl\":\"https:\/\/www.newvision.be\/wp-content\/uploads\/2025\/01\/kinderoftalmologie.jpg\",\"datePublished\":\"2024-06-10T09:05:27+00:00\",\"dateModified\":\"2025-06-01T13:06:29+00:00\",\"breadcrumb\":{\"@id\":\"https:\/\/www.newvision.be\/fr\/traitements\/ophtalmologie-pediatrique\/#breadcrumb\"},\"inLanguage\":\"fr-FR\",\"potentialAction\":[{\"@type\":\"ReadAction\",\"target\":[\"https:\/\/www.newvision.be\/fr\/traitements\/ophtalmologie-pediatrique\/\"]}]},{\"@type\":\"ImageObject\",\"inLanguage\":\"fr-FR\",\"@id\":\"https:\/\/www.newvision.be\/fr\/traitements\/ophtalmologie-pediatrique\/#primaryimage\",\"url\":\"https:\/\/www.newvision.be\/wp-content\/uploads\/2025\/01\/kinderoftalmologie.jpg\",\"contentUrl\":\"https:\/\/www.newvision.be\/wp-content\/uploads\/2025\/01\/kinderoftalmologie.jpg\"},{\"@type\":\"BreadcrumbList\",\"@id\":\"https:\/\/www.newvision.be\/fr\/traitements\/ophtalmologie-pediatrique\/#breadcrumb\",\"itemListElement\":[{\"@type\":\"ListItem\",\"position\":1,\"name\":\"Home\",\"item\":\"https:\/\/www.newvision.be\/fr\/\"},{\"@type\":\"ListItem\",\"position\":2,\"name\":\"Traitements\",\"item\":\"https:\/\/www.newvision.be\/fr\/behandelingen\/\"},{\"@type\":\"ListItem\",\"position\":3,\"name\":\"Ophtalmologie p\u00e9diatrique\"}]},{\"@type\":\"WebSite\",\"@id\":\"https:\/\/www.newvision.be\/fr\/#website\",\"url\":\"https:\/\/www.newvision.be\/fr\/\",\"name\":\"New Vision Oogklinieken\",\"description\":\"\",\"potentialAction\":[{\"@type\":\"SearchAction\",\"target\":{\"@type\":\"EntryPoint\",\"urlTemplate\":\"https:\/\/www.newvision.be\/fr\/?s={search_term_string}\"},\"query-input\":{\"@type\":\"PropertyValueSpecification\",\"valueRequired\":true,\"valueName\":\"search_term_string\"}}],\"inLanguage\":\"fr-FR\"}]}<\/script>\n<!-- \/ Yoast SEO plugin. -->","yoast_head_json":{"title":"Ophtalmologie p\u00e9diatrique - New Vision Oogklinieken","robots":{"index":"index","follow":"follow","max-snippet":"max-snippet:-1","max-image-preview":"max-image-preview:large","max-video-preview":"max-video-preview:-1"},"canonical":"https:\/\/www.newvision.be\/fr\/traitements\/ophtalmologie-pediatrique\/","og_locale":"fr_FR","og_type":"article","og_title":"Ophtalmologie p\u00e9diatrique - New Vision Oogklinieken","og_description":"Ophtalmologie p\u00e9diatrique &nbsp;L'ophtalmologie p\u00e9diatrique se concentre sur l'\u00e9valuation et le traitement des probl\u00e8mes oculaires sp\u00e9cifiques aux enfants, y compris\u00a0: Amblyopie (\u0153il paresseux) : il s'agit d'une condition dans laquelle un \u0153il, dont la construction et la vision sont normales, voit moins bien parce que sa connexion avec le cerveau n'a pas pu se d\u00e9velopper correctement. [&hellip;]","og_url":"https:\/\/www.newvision.be\/fr\/traitements\/ophtalmologie-pediatrique\/","og_site_name":"New Vision Oogklinieken","article_modified_time":"2025-06-01T13:06:29+00:00","og_image":[{"url":"https:\/\/www.newvision.be\/wp-content\/uploads\/2025\/01\/kinderoftalmologie.jpg","type":"","width":"","height":""}],"twitter_card":"summary_large_image","twitter_misc":{"Dur\u00e9e de lecture estim\u00e9e":"7 minutes"},"schema":{"@context":"https:\/\/schema.org","@graph":[{"@type":"WebPage","@id":"https:\/\/www.newvision.be\/fr\/traitements\/ophtalmologie-pediatrique\/","url":"https:\/\/www.newvision.be\/fr\/traitements\/ophtalmologie-pediatrique\/","name":"Ophtalmologie p\u00e9diatrique - New Vision Oogklinieken","isPartOf":{"@id":"https:\/\/www.newvision.be\/fr\/#website"},"primaryImageOfPage":{"@id":"https:\/\/www.newvision.be\/fr\/traitements\/ophtalmologie-pediatrique\/#primaryimage"},"image":{"@id":"https:\/\/www.newvision.be\/fr\/traitements\/ophtalmologie-pediatrique\/#primaryimage"},"thumbnailUrl":"https:\/\/www.newvision.be\/wp-content\/uploads\/2025\/01\/kinderoftalmologie.jpg","datePublished":"2024-06-10T09:05:27+00:00","dateModified":"2025-06-01T13:06:29+00:00","breadcrumb":{"@id":"https:\/\/www.newvision.be\/fr\/traitements\/ophtalmologie-pediatrique\/#breadcrumb"},"inLanguage":"fr-FR","potentialAction":[{"@type":"ReadAction","target":["https:\/\/www.newvision.be\/fr\/traitements\/ophtalmologie-pediatrique\/"]}]},{"@type":"ImageObject","inLanguage":"fr-FR","@id":"https:\/\/www.newvision.be\/fr\/traitements\/ophtalmologie-pediatrique\/#primaryimage","url":"https:\/\/www.newvision.be\/wp-content\/uploads\/2025\/01\/kinderoftalmologie.jpg","contentUrl":"https:\/\/www.newvision.be\/wp-content\/uploads\/2025\/01\/kinderoftalmologie.jpg"},{"@type":"BreadcrumbList","@id":"https:\/\/www.newvision.be\/fr\/traitements\/ophtalmologie-pediatrique\/#breadcrumb","itemListElement":[{"@type":"ListItem","position":1,"name":"Home","item":"https:\/\/www.newvision.be\/fr\/"},{"@type":"ListItem","position":2,"name":"Traitements","item":"https:\/\/www.newvision.be\/fr\/behandelingen\/"},{"@type":"ListItem","position":3,"name":"Ophtalmologie p\u00e9diatrique"}]},{"@type":"WebSite","@id":"https:\/\/www.newvision.be\/fr\/#website","url":"https:\/\/www.newvision.be\/fr\/","name":"New Vision Oogklinieken","description":"","potentialAction":[{"@type":"SearchAction","target":{"@type":"EntryPoint","urlTemplate":"https:\/\/www.newvision.be\/fr\/?s={search_term_string}"},"query-input":{"@type":"PropertyValueSpecification","valueRequired":true,"valueName":"search_term_string"}}],"inLanguage":"fr-FR"}]}},"_links":{"self":[{"href":"https:\/\/www.newvision.be\/fr\/wp-json\/wp\/v2\/pages\/6797","targetHints":{"allow":["GET"]}}],"collection":[{"href":"https:\/\/www.newvision.be\/fr\/wp-json\/wp\/v2\/pages"}],"about":[{"href":"https:\/\/www.newvision.be\/fr\/wp-json\/wp\/v2\/types\/page"}],"author":[{"embeddable":true,"href":"https:\/\/www.newvision.be\/fr\/wp-json\/wp\/v2\/users\/5"}],"replies":[{"embeddable":true,"href":"https:\/\/www.newvision.be\/fr\/wp-json\/wp\/v2\/comments?post=6797"}],"version-history":[{"count":12,"href":"https:\/\/www.newvision.be\/fr\/wp-json\/wp\/v2\/pages\/6797\/revisions"}],"predecessor-version":[{"id":7435,"href":"https:\/\/www.newvision.be\/fr\/wp-json\/wp\/v2\/pages\/6797\/revisions\/7435"}],"up":[{"embeddable":true,"href":"https:\/\/www.newvision.be\/fr\/wp-json\/wp\/v2\/pages\/6832"}],"wp:attachment":[{"href":"https:\/\/www.newvision.be\/fr\/wp-json\/wp\/v2\/media?parent=6797"}],"curies":[{"name":"wp","href":"https:\/\/api.w.org\/{rel}","templated":true}]}}