{"id":6642,"date":"2024-06-18T09:14:22","date_gmt":"2024-06-18T07:14:22","guid":{"rendered":"https:\/\/www.newvision.be\/conseil-medical\/"},"modified":"2025-01-08T14:28:23","modified_gmt":"2025-01-08T13:28:23","slug":"conseil-medical","status":"publish","type":"page","link":"https:\/\/www.newvision.be\/fr\/conseil-medical\/","title":{"rendered":"Conseil m\u00e9dical"},"content":{"rendered":"<p>[et_pb_section fb_built=\u00a0\u00bb1&Prime; module_class=\u00a0\u00bbno-contrast\u00a0\u00bb _builder_version=\u00a0\u00bb4.23&Prime; _module_preset=\u00a0\u00bbdefault\u00a0\u00bb background_image=\u00a0\u00bbhttps:\/\/www.newvision.be\/wp-content\/uploads\/2023\/11\/oogartsen-oogkliniek-scaled.jpg\u00a0\u00bb min_height=\u00a0\u00bb275px\u00a0\u00bb height=\u00a0\u00bb100px\u00a0\u00bb height_tablet=\u00a0\u00bb55vh\u00a0\u00bb height_phone=\u00a0\u00bb45vh\u00a0\u00bb height_last_edited=\u00a0\u00bbon|tablet\u00a0\u00bb global_colors_info=\u00a0\u00bb{}\u00a0\u00bb][et_pb_row _builder_version=\u00a0\u00bb4.23&Prime; _module_preset=\u00a0\u00bbdefault\u00a0\u00bb global_colors_info=\u00a0\u00bb{}\u00a0\u00bb][et_pb_column type=\u00a0\u00bb4_4&Prime; _builder_version=\u00a0\u00bb4.23&Prime; _module_preset=\u00a0\u00bbdefault\u00a0\u00bb global_colors_info=\u00a0\u00bb{}\u00a0\u00bb][et_pb_text _builder_version=\u00a0\u00bb4.24.0&Prime; _module_preset=\u00a0\u00bbdefault\u00a0\u00bb hover_enabled=\u00a0\u00bb0&Prime; global_colors_info=\u00a0\u00bb{}\u00a0\u00bb sticky_enabled=\u00a0\u00bb0&Prime;]<\/p>\n<h1 style=\"font-size : 2.7em ;\">Conseil m\u00e9dical<\/h1>\n<p>&nbsp;<\/p>\n<p>[\/et_pb_text][\/et_pb_column][\/et_pb_row][\/et_pb_section][et_pb_section fb_built=\u00a0\u00bb1&Prime; _builder_version=\u00a0\u00bb4.24.0&Prime; _module_preset=\u00a0\u00bbdefault\u00a0\u00bb min_height=\u00a0\u00bb404.5px\u00a0\u00bb global_colors_info=\u00a0\u00bb{}\u00a0\u00bb][et_pb_row _builder_version=\u00a0\u00bb4.24.0&Prime; _module_preset=\u00a0\u00bbdefault\u00a0\u00bb min_height=\u00a0\u00bb100px\u00a0\u00bb custom_margin=\u00a0\u00bb37px|auto|0px|auto|false|false\u00a0\u00bb custom_padding=\u00a0\u00bb||0px||false|false\u00a0\u00bb global_colors_info=\u00a0\u00bb{}\u00a0\u00bb][et_pb_column type=\u00a0\u00bb4_4&Prime; _builder_version=\u00a0\u00bb4.24.0&Prime; _module_preset=\u00a0\u00bbdefault\u00a0\u00bb global_colors_info=\u00a0\u00bb{}\u00a0\u00bb][et_pb_text _builder_version=\u00a0\u00bb4.24.0&Prime; _module_preset=\u00a0\u00bbdefault\u00a0\u00bb custom_margin=\u00a0\u00bb-54px||0px||false|false\u00a0\u00bb custom_padding=\u00a0\u00bb||0px||false|false\u00a0\u00bb hover_enabled=\u00a0\u00bb0&Prime; global_colors_info=\u00a0\u00bb{}\u00a0\u00bb sticky_enabled=\u00a0\u00bb0&Prime;]<\/p>\n<p style=\"text-align : justify ;\">A New Vision, nous attachons une grande importance \u00e0 la qualit\u00e9 de nos soins ophtalmologiques. C&rsquo;est pourquoi nous avons mis en place un Conseil M\u00e9dical compos\u00e9 d&rsquo;ophtalmologistes \u00e9lus par les ophtalmologistes partenaires de nos agences. <span class=\"Apple-converted-space\"> <\/span>Ils repr\u00e9sentent les int\u00e9r\u00eats de leurs confr\u00e8res ainsi que ceux des patients. Le r\u00f4le du Conseil m\u00e9dical est de surveiller et de conseiller les meilleures pratiques en mati\u00e8re de soins ophtalmologiques, d&rsquo;examiner les nouvelles technologies et les nouveaux traitements, et de promouvoir le d\u00e9veloppement professionnel des m\u00e9decins.<\/p>\n<p style=\"text-align : justify ;\">Le Conseil m\u00e9dical assure une communication structur\u00e9e entre les diff\u00e9rentes cliniques, ce qui est essentiel pour maintenir un niveau de soins uniforme. Il participe \u00e9galement \u00e0 la d\u00e9finition de l&rsquo;orientation strat\u00e9gique du groupe de cliniques, y compris les investissements dans l&rsquo;\u00e9quipement et les installations sp\u00e9cifiques pour des soins ophtalmologiques optimaux.<\/p>\n<p style=\"text-align : justify ;\">Avec un conseil m\u00e9dical actif et bien inform\u00e9, les patients peuvent \u00eatre s\u00fbrs d&rsquo;avoir acc\u00e8s aux meilleurs traitements et soins disponibles.<\/p>\n<p style=\"text-align : justify ;\">\n<p style=\"text-align : justify ;\">\n<h5>Le Conseil M\u00e9dical est aujourd&rsquo;hui compos\u00e9 des ophtalmologues suivants:<\/h5>\n<p>[\/et_pb_text][\/et_pb_column][\/et_pb_row][et_pb_row _builder_version=\u00a0\u00bb4.21.0&Prime; _module_preset=\u00a0\u00bbdefault\u00a0\u00bb global_colors_info=\u00a0\u00bb{}\u00a0\u00bb][et_pb_column type=\u00a0\u00bb4_4&Prime; _builder_version=\u00a0\u00bb4.21.0&Prime; _module_preset=\u00a0\u00bbdefault\u00a0\u00bb global_colors_info=\u00a0\u00bb{}\u00a0\u00bb][et_pb_code _builder_version=\u00a0\u00bb4.24.0&Prime; _module_preset=\u00a0\u00bbdefault\u00a0\u00bb global_colors_info=\u00a0\u00bb{}\u00a0\u00bb]<div class='eye-employees'><div class='employee-container'><div class='employee-content'><div class='employee-image'><img src='https:\/\/www.newvision.be\/wp-content\/uploads\/2022\/10\/Zuid-Antwerpen-Katy_Hondeghem-1-220x300.jpg' alt='' class='employee_image' \/><div class='eployee-name'><h5>Dr Kathy Hondeghem<\/h5><p>Ophtalmologiste<\/p><\/div><\/div><\/div><\/div><div class='employee-container'><div class='employee-content'><div class='employee-image'><img src='https:\/\/www.newvision.be\/wp-content\/uploads\/2023\/09\/Miranda-2-3-440x600.jpg' alt='' class='employee_image' \/><div class='eployee-name'><h5>Dr Miranda Goethals<\/h5><p>Ophtalmologiste<\/p><\/div><\/div><\/div><\/div><div class='employee-container'><div class='employee-content'><div class='employee-image'><img src='https:\/\/www.newvision.be\/wp-content\/uploads\/2021\/11\/Team-Patricia_Casaer-440x600.jpg' alt='' class='employee_image' \/><div class='eployee-name'><h5>Dr Patricia Casaer<\/h5><p>Ophtalmologiste<\/p><\/div><\/div><div class='eployee-cal'><p><a class='et_pb_button et_pb_button_1 et_pb_bg_layout_light' href='https:\/\/onlinebooking.myorganizer.online?gp=ef54b46d-2234-4552-b73f-f409ff64abc3&aid=MjAx&label=MjEyOA%3D%3D&label=MTM3MzI%3D&language=bmxfQkU%3D&role=OA%3D%3D' data-icon='\ue023'>Maak een afspraak<\/a><\/p><\/div><\/div><\/div><\/div>[\/et_pb_code][\/et_pb_column][\/et_pb_row][\/et_pb_section]<\/p>\n","protected":false},"excerpt":{"rendered":"<p>Conseil m\u00e9dical &nbsp;A New Vision, nous attachons une grande importance \u00e0 la qualit\u00e9 de nos soins ophtalmologiques. C&rsquo;est pourquoi nous avons mis en place un Conseil M\u00e9dical compos\u00e9 d&rsquo;ophtalmologistes \u00e9lus par les ophtalmologistes partenaires de nos agences. Ils repr\u00e9sentent les int\u00e9r\u00eats de leurs confr\u00e8res ainsi que ceux des patients. Le r\u00f4le du Conseil m\u00e9dical est [&hellip;]<\/p>\n","protected":false},"author":5,"featured_media":0,"parent":0,"menu_order":0,"comment_status":"closed","ping_status":"closed","template":"","meta":{"_acf_changed":false,"_et_pb_use_builder":"on","_et_pb_old_content":"","_et_gb_content_width":"","om_disable_all_campaigns":false,"footnotes":""},"class_list":["post-6642","page","type-page","status-publish","hentry"],"acf":[],"yoast_head":"<!-- This site is optimized with the Yoast SEO plugin v25.2 - https:\/\/yoast.com\/wordpress\/plugins\/seo\/ -->\n<title>Conseil m\u00e9dical - New Vision Oogklinieken<\/title>\n<meta name=\"robots\" content=\"index, follow, max-snippet:-1, max-image-preview:large, max-video-preview:-1\" \/>\n<link rel=\"canonical\" href=\"https:\/\/www.newvision.be\/fr\/conseil-medical\/\" \/>\n<meta property=\"og:locale\" content=\"fr_FR\" \/>\n<meta property=\"og:type\" content=\"article\" \/>\n<meta property=\"og:title\" content=\"Conseil m\u00e9dical - New Vision Oogklinieken\" \/>\n<meta property=\"og:description\" content=\"Conseil m\u00e9dical &nbsp;A New Vision, nous attachons une grande importance \u00e0 la qualit\u00e9 de nos soins ophtalmologiques. C&#039;est pourquoi nous avons mis en place un Conseil M\u00e9dical compos\u00e9 d&#039;ophtalmologistes \u00e9lus par les ophtalmologistes partenaires de nos agences. Ils repr\u00e9sentent les int\u00e9r\u00eats de leurs confr\u00e8res ainsi que ceux des patients. Le r\u00f4le du Conseil m\u00e9dical est [&hellip;]\" \/>\n<meta property=\"og:url\" content=\"https:\/\/www.newvision.be\/fr\/conseil-medical\/\" \/>\n<meta property=\"og:site_name\" content=\"New Vision Oogklinieken\" \/>\n<meta property=\"article:modified_time\" content=\"2025-01-08T13:28:23+00:00\" \/>\n<meta name=\"twitter:card\" content=\"summary_large_image\" \/>\n<meta name=\"twitter:label1\" content=\"Dur\u00e9e de lecture estim\u00e9e\" \/>\n\t<meta name=\"twitter:data1\" content=\"2 minutes\" \/>\n<script type=\"application\/ld+json\" class=\"yoast-schema-graph\">{\"@context\":\"https:\/\/schema.org\",\"@graph\":[{\"@type\":\"WebPage\",\"@id\":\"https:\/\/www.newvision.be\/fr\/conseil-medical\/\",\"url\":\"https:\/\/www.newvision.be\/fr\/conseil-medical\/\",\"name\":\"Conseil m\u00e9dical - New Vision Oogklinieken\",\"isPartOf\":{\"@id\":\"https:\/\/www.newvision.be\/fr\/#website\"},\"datePublished\":\"2024-06-18T07:14:22+00:00\",\"dateModified\":\"2025-01-08T13:28:23+00:00\",\"breadcrumb\":{\"@id\":\"https:\/\/www.newvision.be\/fr\/conseil-medical\/#breadcrumb\"},\"inLanguage\":\"fr-FR\",\"potentialAction\":[{\"@type\":\"ReadAction\",\"target\":[\"https:\/\/www.newvision.be\/fr\/conseil-medical\/\"]}]},{\"@type\":\"BreadcrumbList\",\"@id\":\"https:\/\/www.newvision.be\/fr\/conseil-medical\/#breadcrumb\",\"itemListElement\":[{\"@type\":\"ListItem\",\"position\":1,\"name\":\"Home\",\"item\":\"https:\/\/www.newvision.be\/fr\/\"},{\"@type\":\"ListItem\",\"position\":2,\"name\":\"Conseil m\u00e9dical\"}]},{\"@type\":\"WebSite\",\"@id\":\"https:\/\/www.newvision.be\/fr\/#website\",\"url\":\"https:\/\/www.newvision.be\/fr\/\",\"name\":\"New Vision Oogklinieken\",\"description\":\"\",\"potentialAction\":[{\"@type\":\"SearchAction\",\"target\":{\"@type\":\"EntryPoint\",\"urlTemplate\":\"https:\/\/www.newvision.be\/fr\/?s={search_term_string}\"},\"query-input\":{\"@type\":\"PropertyValueSpecification\",\"valueRequired\":true,\"valueName\":\"search_term_string\"}}],\"inLanguage\":\"fr-FR\"}]}<\/script>\n<!-- \/ Yoast SEO plugin. -->","yoast_head_json":{"title":"Conseil m\u00e9dical - New Vision Oogklinieken","robots":{"index":"index","follow":"follow","max-snippet":"max-snippet:-1","max-image-preview":"max-image-preview:large","max-video-preview":"max-video-preview:-1"},"canonical":"https:\/\/www.newvision.be\/fr\/conseil-medical\/","og_locale":"fr_FR","og_type":"article","og_title":"Conseil m\u00e9dical - New Vision Oogklinieken","og_description":"Conseil m\u00e9dical &nbsp;A New Vision, nous attachons une grande importance \u00e0 la qualit\u00e9 de nos soins ophtalmologiques. C'est pourquoi nous avons mis en place un Conseil M\u00e9dical compos\u00e9 d'ophtalmologistes \u00e9lus par les ophtalmologistes partenaires de nos agences. Ils repr\u00e9sentent les int\u00e9r\u00eats de leurs confr\u00e8res ainsi que ceux des patients. Le r\u00f4le du Conseil m\u00e9dical est [&hellip;]","og_url":"https:\/\/www.newvision.be\/fr\/conseil-medical\/","og_site_name":"New Vision Oogklinieken","article_modified_time":"2025-01-08T13:28:23+00:00","twitter_card":"summary_large_image","twitter_misc":{"Dur\u00e9e de lecture estim\u00e9e":"2 minutes"},"schema":{"@context":"https:\/\/schema.org","@graph":[{"@type":"WebPage","@id":"https:\/\/www.newvision.be\/fr\/conseil-medical\/","url":"https:\/\/www.newvision.be\/fr\/conseil-medical\/","name":"Conseil m\u00e9dical - New Vision Oogklinieken","isPartOf":{"@id":"https:\/\/www.newvision.be\/fr\/#website"},"datePublished":"2024-06-18T07:14:22+00:00","dateModified":"2025-01-08T13:28:23+00:00","breadcrumb":{"@id":"https:\/\/www.newvision.be\/fr\/conseil-medical\/#breadcrumb"},"inLanguage":"fr-FR","potentialAction":[{"@type":"ReadAction","target":["https:\/\/www.newvision.be\/fr\/conseil-medical\/"]}]},{"@type":"BreadcrumbList","@id":"https:\/\/www.newvision.be\/fr\/conseil-medical\/#breadcrumb","itemListElement":[{"@type":"ListItem","position":1,"name":"Home","item":"https:\/\/www.newvision.be\/fr\/"},{"@type":"ListItem","position":2,"name":"Conseil m\u00e9dical"}]},{"@type":"WebSite","@id":"https:\/\/www.newvision.be\/fr\/#website","url":"https:\/\/www.newvision.be\/fr\/","name":"New Vision Oogklinieken","description":"","potentialAction":[{"@type":"SearchAction","target":{"@type":"EntryPoint","urlTemplate":"https:\/\/www.newvision.be\/fr\/?s={search_term_string}"},"query-input":{"@type":"PropertyValueSpecification","valueRequired":true,"valueName":"search_term_string"}}],"inLanguage":"fr-FR"}]}},"_links":{"self":[{"href":"https:\/\/www.newvision.be\/fr\/wp-json\/wp\/v2\/pages\/6642","targetHints":{"allow":["GET"]}}],"collection":[{"href":"https:\/\/www.newvision.be\/fr\/wp-json\/wp\/v2\/pages"}],"about":[{"href":"https:\/\/www.newvision.be\/fr\/wp-json\/wp\/v2\/types\/page"}],"author":[{"embeddable":true,"href":"https:\/\/www.newvision.be\/fr\/wp-json\/wp\/v2\/users\/5"}],"replies":[{"embeddable":true,"href":"https:\/\/www.newvision.be\/fr\/wp-json\/wp\/v2\/comments?post=6642"}],"version-history":[{"count":1,"href":"https:\/\/www.newvision.be\/fr\/wp-json\/wp\/v2\/pages\/6642\/revisions"}],"predecessor-version":[{"id":6645,"href":"https:\/\/www.newvision.be\/fr\/wp-json\/wp\/v2\/pages\/6642\/revisions\/6645"}],"wp:attachment":[{"href":"https:\/\/www.newvision.be\/fr\/wp-json\/wp\/v2\/media?parent=6642"}],"curies":[{"name":"wp","href":"https:\/\/api.w.org\/{rel}","templated":true}]}}