{"id":6621,"date":"2023-06-29T17:15:29","date_gmt":"2023-06-29T15:15:29","guid":{"rendered":"https:\/\/www.newvision.be\/chauffeur-controle-medical\/"},"modified":"2025-06-01T15:08:17","modified_gmt":"2025-06-01T13:08:17","slug":"chauffeur-controle-medical","status":"publish","type":"page","link":"https:\/\/www.newvision.be\/fr\/traitements\/chauffeur-controle-medical\/","title":{"rendered":"Chauffeur \/ Contr\u00f4le m\u00e9dical"},"content":{"rendered":"<p>[et_pb_section fb_built=\u00a0\u00bb1&Prime; disabled_on=\u00a0\u00bbon|on|on\u00a0\u00bb module_class=\u00a0\u00bbno-contrast\u00a0\u00bb _builder_version=\u00a0\u00bb4.23&Prime; _module_preset=\u00a0\u00bbdefault\u00a0\u00bb background_image=\u00a0\u00bbhttps:\/\/www.newvision.be\/wp-content\/uploads\/2023\/07\/image0-2.jpeg\u00a0\u00bb height=\u00a0\u00bb94vh\u00a0\u00bb height_tablet=\u00a0\u00bb55vh\u00a0\u00bb height_phone=\u00a0\u00bb45vh\u00a0\u00bb height_last_edited=\u00a0\u00bbon|tablet\u00a0\u00bb disabled=\u00a0\u00bbon\u00a0\u00bb global_colors_info=\u00a0\u00bb{}\u00a0\u00bb][\/et_pb_section][et_pb_section fb_built=\u00a0\u00bb1&Prime; custom_padding_last_edited=\u00a0\u00bbon|phone\u00a0\u00bb disabled_on=\u00a0\u00bboff|off|off\u00a0\u00bb module_id=\u00a0\u00bbnv_header\u00a0\u00bb _builder_version=\u00a0\u00bb4.24.0&Prime; _module_preset=\u00a0\u00bbdefault\u00a0\u00bb background_image=\u00a0\u00bbhttps:\/\/www.newvision.be\/wp-content\/uploads\/2023\/11\/oogartsen-oogkliniek-scaled.jpg\u00a0\u00bb min_height_tablet=\u00a0\u00bb\u00a0\u00bb min_height_phone=\u00a0\u00bb\u00a0\u00bb min_height_last_edited=\u00a0\u00bbon|phone\u00a0\u00bb height_tablet=\u00a0\u00bb\u00a0\u00bb height_phone=\u00a0\u00bb200px\u00a0\u00bb height_last_edited=\u00a0\u00bbon|phone\u00a0\u00bb max_height_tablet=\u00a0\u00bb\u00a0\u00bb max_height_phone=\u00a0\u00bb255px\u00a0\u00bb max_height_last_edited=\u00a0\u00bbon|phone\u00a0\u00bb custom_margin=\u00a0\u00bb0px||0px||false|false\u00a0\u00bb custom_padding=\u00a0\u00bb40px||40px||false|false\u00a0\u00bb custom_padding_tablet=\u00a0\u00bb40px||40px||false|false\u00a0\u00bb custom_padding_phone=\u00a0\u00bb40px||0px||false|false\u00a0\u00bb background_last_edited=\u00a0\u00bbon|phone\u00a0\u00bb background_position_phone=\u00a0\u00bbtop_right\u00a0\u00bb background_horizontal_offset_phone=\u00a0\u00bb0%\u00a0\u00bb background_vertical_offset_phone=\u00a0\u00bb-20%\u00a0\u00bb custom_css_main_element=\u00a0\u00bbposition: relative;\u00a0\u00bb global_colors_info=\u00a0\u00bb{}\u00a0\u00bb][et_pb_row custom_padding_last_edited=\u00a0\u00bbon|phone\u00a0\u00bb _builder_version=\u00a0\u00bb4.24.0&Prime; _module_preset=\u00a0\u00bbdefault\u00a0\u00bb background_enable_color=\u00a0\u00bboff\u00a0\u00bb position_origin_a=\u00a0\u00bbcenter_center\u00a0\u00bb width=\u00a0\u00bb100%\u00a0\u00bb module_alignment=\u00a0\u00bbcenter\u00a0\u00bb max_height_tablet=\u00a0\u00bb\u00a0\u00bb max_height_phone=\u00a0\u00bb242px\u00a0\u00bb max_height_last_edited=\u00a0\u00bbon|phone\u00a0\u00bb custom_margin=\u00a0\u00bb0px||||false|false\u00a0\u00bb custom_margin_tablet=\u00a0\u00bb0px||||false|false\u00a0\u00bb custom_margin_phone=\u00a0\u00bb14px||||false|false\u00a0\u00bb custom_margin_last_edited=\u00a0\u00bbon|phone\u00a0\u00bb custom_padding=\u00a0\u00bb0px|10px|0px|10px|false|true\u00a0\u00bb custom_padding_tablet=\u00a0\u00bb0px|10px|0px|10px|false|true\u00a0\u00bb custom_padding_phone=\u00a0\u00bb90px|10px|0px|10px|false|true\u00a0\u00bb scroll_blur=\u00a0\u00bb0|40|60|100|0px|0px|5px\u00a0\u00bb global_colors_info=\u00a0\u00bb{}\u00a0\u00bb][et_pb_column type=\u00a0\u00bb4_4&Prime; _builder_version=\u00a0\u00bb4.16&Prime; _module_preset=\u00a0\u00bbdefault\u00a0\u00bb global_colors_info=\u00a0\u00bb{}\u00a0\u00bb][et_pb_text content_last_edited=\u00a0\u00bboff|desktop\u00a0\u00bb _builder_version=\u00a0\u00bb4.24.0&Prime; _module_preset=\u00a0\u00bbdefault\u00a0\u00bb text_text_color=\u00a0\u00bb#003E6A\u00a0\u00bb text_font_size=\u00a0\u00bb45px\u00a0\u00bb text_line_height=\u00a0\u00bb2.1em\u00a0\u00bb header_text_align=\u00a0\u00bbcenter\u00a0\u00bb header_text_color=\u00a0\u00bb#003E6A\u00a0\u00bb header_font_size=\u00a0\u00bb2.8rem\u00a0\u00bb max_height_tablet=\u00a0\u00bb\u00a0\u00bb max_height_phone=\u00a0\u00bb\u00a0\u00bb max_height_last_edited=\u00a0\u00bbon|phone\u00a0\u00bb custom_padding_tablet=\u00a0\u00bb\u00a0\u00bb custom_padding_phone=\u00a0\u00bb|||30px|false|false\u00a0\u00bb custom_padding_last_edited=\u00a0\u00bbon|phone\u00a0\u00bb text_text_color_tablet=\u00a0\u00bb#003E6A\u00a0\u00bb text_text_color_phone=\u00a0\u00bb#BCBDC0&Prime; text_text_color_last_edited=\u00a0\u00bbon|phone\u00a0\u00bb text_font_size_tablet=\u00a0\u00bb36px\u00a0\u00bb text_font_size_phone=\u00a0\u00bb26px\u00a0\u00bb text_font_size_last_edited=\u00a0\u00bbon|phone\u00a0\u00bb header_text_color_tablet=\u00a0\u00bb#003E6A\u00a0\u00bb header_text_color_phone=\u00a0\u00bbgcid-8ec78eba-9b16-4420-864c-da246fc0190d\u00a0\u00bb header_text_color_last_edited=\u00a0\u00bbon|desktop\u00a0\u00bb header_font_size_tablet=\u00a0\u00bb\u00a0\u00bb header_font_size_phone=\u00a0\u00bb26px\u00a0\u00bb header_font_size_last_edited=\u00a0\u00bbon|desktop\u00a0\u00bb global_colors_info=\u00a0\u00bb{%22gcid-8ec78eba-9b16-4420-864c-da246fc0190d%22:%91%22header_text_color_phone%22%93}\u00a0\u00bb]<\/p>\n<h1 style=\"text-align: left; color: #003e6a !important;\"><span>\u00a0<\/span><\/h1>\n<h1 style=\"text-align: left;\">Chauffeur \/ Contr\u00f4le m\u00e9dical<\/h1>\n<p>&nbsp;[\/et_pb_text][\/et_pb_column][\/et_pb_row][\/et_pb_section][et_pb_section fb_built=\u00a0\u00bb1&Prime; _builder_version=\u00a0\u00bb4.24.0&Prime; _module_preset=\u00a0\u00bbdefault\u00a0\u00bb custom_padding=\u00a0\u00bb50px||22px||false|false\u00a0\u00bb global_colors_info=\u00a0\u00bb{}\u00a0\u00bb][et_pb_row column_structure=\u00a0\u00bb1_4,3_4&Prime; use_custom_gutter=\u00a0\u00bbon\u00a0\u00bb gutter_width=\u00a0\u00bb2&Prime; _builder_version=\u00a0\u00bb4.24.0&Prime; _module_preset=\u00a0\u00bbdefault\u00a0\u00bb custom_margin=\u00a0\u00bb0px|auto||auto|false|false\u00a0\u00bb custom_padding=\u00a0\u00bb0px||||false|false\u00a0\u00bb global_colors_info=\u00a0\u00bb{}\u00a0\u00bb][et_pb_column type=\u00a0\u00bb1_4&Prime; _builder_version=\u00a0\u00bb4.16&Prime; _module_preset=\u00a0\u00bbdefault\u00a0\u00bb global_colors_info=\u00a0\u00bb{}\u00a0\u00bb][et_pb_image src=\u00a0\u00bbhttps:\/\/www.newvision.be\/wp-content\/uploads\/2024\/01\/chauffeur-medische-schifting.jpg\u00a0\u00bb alt=\u00a0\u00bbContr\u00f4le m\u00e9dical des chauffeurs\u00a0\u00bb title_text=\u00a0\u00bbSmile Confidence Young Man Professional Truck Driver In Business Long transport\u00a0\u00bb _builder_version=\u00a0\u00bb4.24.0&Prime; _module_preset=\u00a0\u00bbdefault\u00a0\u00bb global_colors_info=\u00a0\u00bb{}\u00a0\u00bb][\/et_pb_image][\/et_pb_column][et_pb_column type=\u00a0\u00bb3_4&Prime; _builder_version=\u00a0\u00bb4.16&Prime; _module_preset=\u00a0\u00bbdefault\u00a0\u00bb global_colors_info=\u00a0\u00bb{}\u00a0\u00bb][et_pb_text _builder_version=\u00a0\u00bb4.24.0&Prime; _module_preset=\u00a0\u00bbdefault\u00a0\u00bb custom_margin=\u00a0\u00bb1px||8px|||\u00a0\u00bb global_colors_info=\u00a0\u00bb{}\u00a0\u00bb]<\/p>\n<p style=\"font-weight: 400; text-align: justify;\">Toute personne qui transporte des personnes \u00e0 titre professionnel, ou qui conduit un camion, un autocar ou un autobus doit se soumettre \u00e0 un examen m\u00e9dical au moins tous les 5 ans pour obtenir le certificat d&rsquo;aptitude \u00e0 la conduite du groupe 2.<br \/>Avant de vous pr\u00e9senter \u00e0 l&rsquo;examen m\u00e9dical, vous devez obtenir un examen et un certificat de l&rsquo;ophtalmologue.<\/p>\n<p>[\/et_pb_text][et_pb_button button_url=\u00a0\u00bb\/fr\/prenez-rendez-vous\/?b=chauffeur-controle-medical\u00a0\u00bb button_text=\u00a0\u00bbPrenez rendez-vous pour votre contr\u00f4le m\u00e9dical\u00a0\u00bb button_alignment=\u00a0\u00bbleft\u00a0\u00bb _builder_version=\u00a0\u00bb4.24.0&Prime; _module_preset=\u00a0\u00bbdefault\u00a0\u00bb custom_button=\u00a0\u00bbon\u00a0\u00bb button_bg_color=\u00a0\u00bb#AF0061&Prime; custom_margin=\u00a0\u00bb50px|||||\u00a0\u00bb hover_enabled=\u00a0\u00bb0&Prime; global_colors_info=\u00a0\u00bb{}\u00a0\u00bb button_bg_color__hover=\u00a0\u00bb#6A2D91&Prime; button_bg_color__hover_enabled=\u00a0\u00bbon|hover\u00a0\u00bb button_bg_enable_color__hover=\u00a0\u00bbon\u00a0\u00bb sticky_enabled=\u00a0\u00bb0&Prime;][\/et_pb_button][\/et_pb_column][\/et_pb_row][et_pb_row disabled_on=\u00a0\u00bbon|on|on\u00a0\u00bb _builder_version=\u00a0\u00bb4.24.0&Prime; _module_preset=\u00a0\u00bbdefault\u00a0\u00bb position_origin_a=\u00a0\u00bbtop_center\u00a0\u00bb vertical_offset=\u00a0\u00bb-50px\u00a0\u00bb width=\u00a0\u00bb100%\u00a0\u00bb max_width=\u00a0\u00bb100%\u00a0\u00bb custom_padding=\u00a0\u00bb40px||0px||false|false\u00a0\u00bb disabled=\u00a0\u00bbon\u00a0\u00bb locked=\u00a0\u00bboff\u00a0\u00bb global_colors_info=\u00a0\u00bb{}\u00a0\u00bb][et_pb_column type=\u00a0\u00bb4_4&Prime; _builder_version=\u00a0\u00bb4.16&Prime; _module_preset=\u00a0\u00bbdefault\u00a0\u00bb global_colors_info=\u00a0\u00bb{}\u00a0\u00bb][et_pb_image src=\u00a0\u00bbhttps:\/\/www.newvision.be\/wp-content\/uploads\/2021\/11\/211107-New-Vision-Website-Homepage-LIJNEN.svg\u00a0\u00bb title_text=\u00a0\u00bb211107 New Vision Website Homepage LIGNES\u00a0\u00bb disabled_on=\u00a0\u00bbon|on|on\u00a0\u00bb _builder_version=\u00a0\u00bb4.24.0&Prime; _module_preset=\u00a0\u00bbdefault\u00a0\u00bb custom_padding=\u00a0\u00bb||0px||false|false\u00a0\u00bb disabled=\u00a0\u00bbon\u00a0\u00bb global_colors_info=\u00a0\u00bb{}\u00a0\u00bb][\/et_pb_image][\/et_pb_column][\/et_pb_row][\/et_pb_section]<\/p>\n","protected":false},"excerpt":{"rendered":"<p>\u00a0 Chauffeur \/ Contr\u00f4le m\u00e9dical &nbsp;Toute personne qui transporte des personnes \u00e0 titre professionnel, ou qui conduit un camion, un autocar ou un autobus doit se soumettre \u00e0 un examen m\u00e9dical au moins tous les 5 ans pour obtenir le certificat d&rsquo;aptitude \u00e0 la conduite du groupe 2.Avant de vous pr\u00e9senter \u00e0 l&rsquo;examen m\u00e9dical, vous [&hellip;]<\/p>\n","protected":false},"author":5,"featured_media":0,"parent":6832,"menu_order":0,"comment_status":"closed","ping_status":"closed","template":"","meta":{"_acf_changed":false,"_et_pb_use_builder":"on","_et_pb_old_content":"","_et_gb_content_width":"","om_disable_all_campaigns":false,"footnotes":""},"class_list":["post-6621","page","type-page","status-publish","hentry"],"acf":[],"yoast_head":"<!-- This site is optimized with the Yoast SEO plugin v25.2 - https:\/\/yoast.com\/wordpress\/plugins\/seo\/ -->\n<title>Chauffeur \/ Contr\u00f4le m\u00e9dical - New Vision Oogklinieken<\/title>\n<meta name=\"robots\" content=\"index, follow, max-snippet:-1, max-image-preview:large, max-video-preview:-1\" \/>\n<link rel=\"canonical\" href=\"https:\/\/www.newvision.be\/fr\/traitements\/chauffeur-controle-medical\/\" \/>\n<meta property=\"og:locale\" content=\"fr_FR\" \/>\n<meta property=\"og:type\" content=\"article\" \/>\n<meta property=\"og:title\" content=\"Chauffeur \/ Contr\u00f4le m\u00e9dical - New Vision Oogklinieken\" \/>\n<meta property=\"og:description\" content=\"\u00a0 Chauffeur \/ Contr\u00f4le m\u00e9dical &nbsp;Toute personne qui transporte des personnes \u00e0 titre professionnel, ou qui conduit un camion, un autocar ou un autobus doit se soumettre \u00e0 un examen m\u00e9dical au moins tous les 5 ans pour obtenir le certificat d&#039;aptitude \u00e0 la conduite du groupe 2.Avant de vous pr\u00e9senter \u00e0 l&#039;examen m\u00e9dical, vous [&hellip;]\" \/>\n<meta property=\"og:url\" content=\"https:\/\/www.newvision.be\/fr\/traitements\/chauffeur-controle-medical\/\" \/>\n<meta property=\"og:site_name\" content=\"New Vision Oogklinieken\" \/>\n<meta property=\"article:modified_time\" content=\"2025-06-01T13:08:17+00:00\" \/>\n<meta name=\"twitter:card\" content=\"summary_large_image\" \/>\n<meta name=\"twitter:label1\" content=\"Dur\u00e9e de lecture estim\u00e9e\" \/>\n\t<meta name=\"twitter:data1\" content=\"4 minutes\" \/>\n<script type=\"application\/ld+json\" class=\"yoast-schema-graph\">{\"@context\":\"https:\/\/schema.org\",\"@graph\":[{\"@type\":\"WebPage\",\"@id\":\"https:\/\/www.newvision.be\/fr\/traitements\/chauffeur-controle-medical\/\",\"url\":\"https:\/\/www.newvision.be\/fr\/traitements\/chauffeur-controle-medical\/\",\"name\":\"Chauffeur \/ Contr\u00f4le m\u00e9dical - New Vision Oogklinieken\",\"isPartOf\":{\"@id\":\"https:\/\/www.newvision.be\/fr\/#website\"},\"datePublished\":\"2023-06-29T15:15:29+00:00\",\"dateModified\":\"2025-06-01T13:08:17+00:00\",\"breadcrumb\":{\"@id\":\"https:\/\/www.newvision.be\/fr\/traitements\/chauffeur-controle-medical\/#breadcrumb\"},\"inLanguage\":\"fr-FR\",\"potentialAction\":[{\"@type\":\"ReadAction\",\"target\":[\"https:\/\/www.newvision.be\/fr\/traitements\/chauffeur-controle-medical\/\"]}]},{\"@type\":\"BreadcrumbList\",\"@id\":\"https:\/\/www.newvision.be\/fr\/traitements\/chauffeur-controle-medical\/#breadcrumb\",\"itemListElement\":[{\"@type\":\"ListItem\",\"position\":1,\"name\":\"Home\",\"item\":\"https:\/\/www.newvision.be\/fr\/\"},{\"@type\":\"ListItem\",\"position\":2,\"name\":\"Traitements\",\"item\":\"https:\/\/www.newvision.be\/fr\/behandelingen\/\"},{\"@type\":\"ListItem\",\"position\":3,\"name\":\"Chauffeur \/ Contr\u00f4le m\u00e9dical\"}]},{\"@type\":\"WebSite\",\"@id\":\"https:\/\/www.newvision.be\/fr\/#website\",\"url\":\"https:\/\/www.newvision.be\/fr\/\",\"name\":\"New Vision Oogklinieken\",\"description\":\"\",\"potentialAction\":[{\"@type\":\"SearchAction\",\"target\":{\"@type\":\"EntryPoint\",\"urlTemplate\":\"https:\/\/www.newvision.be\/fr\/?s={search_term_string}\"},\"query-input\":{\"@type\":\"PropertyValueSpecification\",\"valueRequired\":true,\"valueName\":\"search_term_string\"}}],\"inLanguage\":\"fr-FR\"}]}<\/script>\n<!-- \/ Yoast SEO plugin. -->","yoast_head_json":{"title":"Chauffeur \/ Contr\u00f4le m\u00e9dical - New Vision Oogklinieken","robots":{"index":"index","follow":"follow","max-snippet":"max-snippet:-1","max-image-preview":"max-image-preview:large","max-video-preview":"max-video-preview:-1"},"canonical":"https:\/\/www.newvision.be\/fr\/traitements\/chauffeur-controle-medical\/","og_locale":"fr_FR","og_type":"article","og_title":"Chauffeur \/ Contr\u00f4le m\u00e9dical - New Vision Oogklinieken","og_description":"\u00a0 Chauffeur \/ Contr\u00f4le m\u00e9dical &nbsp;Toute personne qui transporte des personnes \u00e0 titre professionnel, ou qui conduit un camion, un autocar ou un autobus doit se soumettre \u00e0 un examen m\u00e9dical au moins tous les 5 ans pour obtenir le certificat d'aptitude \u00e0 la conduite du groupe 2.Avant de vous pr\u00e9senter \u00e0 l'examen m\u00e9dical, vous [&hellip;]","og_url":"https:\/\/www.newvision.be\/fr\/traitements\/chauffeur-controle-medical\/","og_site_name":"New Vision Oogklinieken","article_modified_time":"2025-06-01T13:08:17+00:00","twitter_card":"summary_large_image","twitter_misc":{"Dur\u00e9e de lecture estim\u00e9e":"4 minutes"},"schema":{"@context":"https:\/\/schema.org","@graph":[{"@type":"WebPage","@id":"https:\/\/www.newvision.be\/fr\/traitements\/chauffeur-controle-medical\/","url":"https:\/\/www.newvision.be\/fr\/traitements\/chauffeur-controle-medical\/","name":"Chauffeur \/ Contr\u00f4le m\u00e9dical - New Vision Oogklinieken","isPartOf":{"@id":"https:\/\/www.newvision.be\/fr\/#website"},"datePublished":"2023-06-29T15:15:29+00:00","dateModified":"2025-06-01T13:08:17+00:00","breadcrumb":{"@id":"https:\/\/www.newvision.be\/fr\/traitements\/chauffeur-controle-medical\/#breadcrumb"},"inLanguage":"fr-FR","potentialAction":[{"@type":"ReadAction","target":["https:\/\/www.newvision.be\/fr\/traitements\/chauffeur-controle-medical\/"]}]},{"@type":"BreadcrumbList","@id":"https:\/\/www.newvision.be\/fr\/traitements\/chauffeur-controle-medical\/#breadcrumb","itemListElement":[{"@type":"ListItem","position":1,"name":"Home","item":"https:\/\/www.newvision.be\/fr\/"},{"@type":"ListItem","position":2,"name":"Traitements","item":"https:\/\/www.newvision.be\/fr\/behandelingen\/"},{"@type":"ListItem","position":3,"name":"Chauffeur \/ Contr\u00f4le m\u00e9dical"}]},{"@type":"WebSite","@id":"https:\/\/www.newvision.be\/fr\/#website","url":"https:\/\/www.newvision.be\/fr\/","name":"New Vision Oogklinieken","description":"","potentialAction":[{"@type":"SearchAction","target":{"@type":"EntryPoint","urlTemplate":"https:\/\/www.newvision.be\/fr\/?s={search_term_string}"},"query-input":{"@type":"PropertyValueSpecification","valueRequired":true,"valueName":"search_term_string"}}],"inLanguage":"fr-FR"}]}},"_links":{"self":[{"href":"https:\/\/www.newvision.be\/fr\/wp-json\/wp\/v2\/pages\/6621","targetHints":{"allow":["GET"]}}],"collection":[{"href":"https:\/\/www.newvision.be\/fr\/wp-json\/wp\/v2\/pages"}],"about":[{"href":"https:\/\/www.newvision.be\/fr\/wp-json\/wp\/v2\/types\/page"}],"author":[{"embeddable":true,"href":"https:\/\/www.newvision.be\/fr\/wp-json\/wp\/v2\/users\/5"}],"replies":[{"embeddable":true,"href":"https:\/\/www.newvision.be\/fr\/wp-json\/wp\/v2\/comments?post=6621"}],"version-history":[{"count":4,"href":"https:\/\/www.newvision.be\/fr\/wp-json\/wp\/v2\/pages\/6621\/revisions"}],"predecessor-version":[{"id":7437,"href":"https:\/\/www.newvision.be\/fr\/wp-json\/wp\/v2\/pages\/6621\/revisions\/7437"}],"up":[{"embeddable":true,"href":"https:\/\/www.newvision.be\/fr\/wp-json\/wp\/v2\/pages\/6832"}],"wp:attachment":[{"href":"https:\/\/www.newvision.be\/fr\/wp-json\/wp\/v2\/media?parent=6621"}],"curies":[{"name":"wp","href":"https:\/\/api.w.org\/{rel}","templated":true}]}}