{"id":6585,"date":"2023-06-26T08:07:59","date_gmt":"2023-06-26T06:07:59","guid":{"rendered":"https:\/\/www.newvision.be\/intra-vitreale-injecties-fr\/"},"modified":"2025-06-01T14:59:36","modified_gmt":"2025-06-01T12:59:36","slug":"intra-vitreale-injecties-fr","status":"publish","type":"page","link":"https:\/\/www.newvision.be\/fr\/traitements\/intra-vitreale-injecties-fr\/","title":{"rendered":"Injections intravitr\u00e9ennes"},"content":{"rendered":"<p>[et_pb_section fb_built=\u00a0\u00bb1&Prime; custom_padding_last_edited=\u00a0\u00bbon|phone\u00a0\u00bb disabled_on=\u00a0\u00bboff|off|off\u00a0\u00bb module_id=\u00a0\u00bbnv_header\u00a0\u00bb _builder_version=\u00a0\u00bb4.24.0&Prime; _module_preset=\u00a0\u00bbdefault\u00a0\u00bb background_image=\u00a0\u00bbhttps:\/\/www.newvision.be\/wp-content\/uploads\/2023\/11\/oogartsen-oogkliniek-scaled.jpg\u00a0\u00bb min_height_tablet=\u00a0\u00bb\u00a0\u00bb min_height_phone=\u00a0\u00bb\u00a0\u00bb min_height_last_edited=\u00a0\u00bbon|phone\u00a0\u00bb height_tablet=\u00a0\u00bb\u00a0\u00bb height_phone=\u00a0\u00bb200px\u00a0\u00bb height_last_edited=\u00a0\u00bbon|phone\u00a0\u00bb max_height_tablet=\u00a0\u00bb\u00a0\u00bb max_height_phone=\u00a0\u00bb255px\u00a0\u00bb max_height_last_edited=\u00a0\u00bbon|phone\u00a0\u00bb custom_margin=\u00a0\u00bb0px||0px||false|false\u00a0\u00bb custom_padding=\u00a0\u00bb40px||40px||false|false\u00a0\u00bb custom_padding_tablet=\u00a0\u00bb40px||40px||false|false\u00a0\u00bb custom_padding_phone=\u00a0\u00bb40px||0px||false|false\u00a0\u00bb background_last_edited=\u00a0\u00bbon|phone\u00a0\u00bb background_position_phone=\u00a0\u00bbtop_right\u00a0\u00bb background_horizontal_offset_phone=\u00a0\u00bb0%\u00a0\u00bb background_vertical_offset_phone=\u00a0\u00bb-20%\u00a0\u00bb custom_css_main_element=\u00a0\u00bbposition: relative;\u00a0\u00bb global_colors_info=\u00a0\u00bb{}\u00a0\u00bb][et_pb_row custom_padding_last_edited=\u00a0\u00bbon|phone\u00a0\u00bb _builder_version=\u00a0\u00bb4.24.0&Prime; _module_preset=\u00a0\u00bbdefault\u00a0\u00bb background_enable_color=\u00a0\u00bboff\u00a0\u00bb position_origin_a=\u00a0\u00bbcenter_center\u00a0\u00bb width=\u00a0\u00bb100%\u00a0\u00bb module_alignment=\u00a0\u00bbcenter\u00a0\u00bb max_height_tablet=\u00a0\u00bb\u00a0\u00bb max_height_phone=\u00a0\u00bb242px\u00a0\u00bb max_height_last_edited=\u00a0\u00bbon|phone\u00a0\u00bb custom_margin=\u00a0\u00bb0px||||false|false\u00a0\u00bb custom_margin_tablet=\u00a0\u00bb0px||||false|false\u00a0\u00bb custom_margin_phone=\u00a0\u00bb14px||||false|false\u00a0\u00bb custom_margin_last_edited=\u00a0\u00bbon|phone\u00a0\u00bb custom_padding=\u00a0\u00bb0px|10px|0px|10px|false|true\u00a0\u00bb custom_padding_tablet=\u00a0\u00bb0px|10px|0px|10px|false|true\u00a0\u00bb custom_padding_phone=\u00a0\u00bb90px|10px|0px|10px|false|true\u00a0\u00bb scroll_blur=\u00a0\u00bb0|40|60|100|0px|0px|5px\u00a0\u00bb global_colors_info=\u00a0\u00bb{}\u00a0\u00bb][et_pb_column type=\u00a0\u00bb4_4&Prime; _builder_version=\u00a0\u00bb4.16&Prime; _module_preset=\u00a0\u00bbdefault\u00a0\u00bb global_colors_info=\u00a0\u00bb{}\u00a0\u00bb][et_pb_text content_last_edited=\u00a0\u00bboff|desktop\u00a0\u00bb _builder_version=\u00a0\u00bb4.24.0&Prime; _module_preset=\u00a0\u00bbdefault\u00a0\u00bb text_text_color=\u00a0\u00bb#003E6A\u00a0\u00bb text_font_size=\u00a0\u00bb45px\u00a0\u00bb text_line_height=\u00a0\u00bb2.1em\u00a0\u00bb header_text_align=\u00a0\u00bbcenter\u00a0\u00bb header_text_color=\u00a0\u00bb#003E6A\u00a0\u00bb header_font_size=\u00a0\u00bb2.8rem\u00a0\u00bb max_height_tablet=\u00a0\u00bb\u00a0\u00bb max_height_phone=\u00a0\u00bb\u00a0\u00bb max_height_last_edited=\u00a0\u00bbon|phone\u00a0\u00bb custom_padding_tablet=\u00a0\u00bb\u00a0\u00bb custom_padding_phone=\u00a0\u00bb|||30px|false|false\u00a0\u00bb custom_padding_last_edited=\u00a0\u00bbon|phone\u00a0\u00bb text_text_color_tablet=\u00a0\u00bb#003E6A\u00a0\u00bb text_text_color_phone=\u00a0\u00bb#BCBDC0&Prime; text_text_color_last_edited=\u00a0\u00bbon|phone\u00a0\u00bb text_font_size_tablet=\u00a0\u00bb36px\u00a0\u00bb text_font_size_phone=\u00a0\u00bb26px\u00a0\u00bb text_font_size_last_edited=\u00a0\u00bbon|phone\u00a0\u00bb header_text_color_tablet=\u00a0\u00bb#003E6A\u00a0\u00bb header_text_color_phone=\u00a0\u00bbgcid-8ec78eba-9b16-4420-864c-da246fc0190d\u00a0\u00bb header_text_color_last_edited=\u00a0\u00bbon|desktop\u00a0\u00bb header_font_size_tablet=\u00a0\u00bb\u00a0\u00bb header_font_size_phone=\u00a0\u00bb26px\u00a0\u00bb header_font_size_last_edited=\u00a0\u00bbon|desktop\u00a0\u00bb global_colors_info=\u00a0\u00bb{%22gcid-8ec78eba-9b16-4420-864c-da246fc0190d%22:%91%22header_text_color_phone%22%93}\u00a0\u00bb]<\/p>\n<h1 style=\"text-align: left; color: #003e6a !important;\"><span>\u00a0<\/span><\/h1>\n<h1 style=\"text-align: left;\">Injections intravitr\u00e9ennes<\/h1>\n<p>&nbsp;<\/p>\n<p>[\/et_pb_text][\/et_pb_column][\/et_pb_row][\/et_pb_section][et_pb_section fb_built=\u00a0\u00bb1&Prime; _builder_version=\u00a0\u00bb4.24.0&Prime; _module_preset=\u00a0\u00bbdefault\u00a0\u00bb custom_padding=\u00a0\u00bb50px||||false|false\u00a0\u00bb global_colors_info=\u00a0\u00bb{}\u00a0\u00bb][et_pb_row _builder_version=\u00a0\u00bb4.24.0&Prime; _module_preset=\u00a0\u00bbdefault\u00a0\u00bb custom_padding=\u00a0\u00bb0px||0px||false|false\u00a0\u00bb global_colors_info=\u00a0\u00bb{}\u00a0\u00bb][et_pb_column type=\u00a0\u00bb4_4&Prime; _builder_version=\u00a0\u00bb4.21.0&Prime; _module_preset=\u00a0\u00bbdefault\u00a0\u00bb global_colors_info=\u00a0\u00bb{}\u00a0\u00bb][et_pb_text _builder_version=\u00a0\u00bb4.24.0&Prime; _module_preset=\u00a0\u00bbdefault\u00a0\u00bb global_colors_info=\u00a0\u00bb{}\u00a0\u00bb]<\/p>\n<h2 style=\"margin-bottom: 5px;\">Qu\u2019est-ce qu\u2019une injection intravitr\u00e9enne\u00a0?<\/h2>\n<p style=\"text-align: justify;\">\n<p>[\/et_pb_text][\/et_pb_column][\/et_pb_row][et_pb_row column_structure=\u00a0\u00bb2_3,1_3&Prime; _builder_version=\u00a0\u00bb4.24.0&Prime; _module_preset=\u00a0\u00bbdefault\u00a0\u00bb custom_padding=\u00a0\u00bb0px||||false|false\u00a0\u00bb global_colors_info=\u00a0\u00bb{}\u00a0\u00bb][et_pb_column type=\u00a0\u00bb2_3&Prime; _builder_version=\u00a0\u00bb4.21.0&Prime; _module_preset=\u00a0\u00bbdefault\u00a0\u00bb global_colors_info=\u00a0\u00bb{}\u00a0\u00bb][et_pb_text _builder_version=\u00a0\u00bb4.24.0&Prime; _module_preset=\u00a0\u00bbdefault\u00a0\u00bb global_colors_info=\u00a0\u00bb{}\u00a0\u00bb]<\/p>\n<p style=\"text-align: justify;\">Les injections intravitr\u00e9ennes d&rsquo;anti-VEGF sont une option th\u00e9rapeutique utilis\u00e9e dans certaines affections oculaires, telles que la d\u00e9g\u00e9n\u00e9rescence maculaire li\u00e9e \u00e0 l&rsquo;\u00e2ge (DMLA), la r\u00e9tinopathie diab\u00e9tique et les occlusions vasculaires de la r\u00e9tine.<span class=\"Apple-converted-space\"> <\/span>Ces injections sont effectu\u00e9es dans le vitr\u00e9, la mati\u00e8re g\u00e9latineuse situ\u00e9e au centre de l&rsquo;\u0153il, pr\u00e8s de la r\u00e9tine.<\/p>\n<p style=\"text-align: justify;\">Anti-VEGF signifie \u00abanti-vascular endothelial growth factor\u00bb (facteur de croissance de l\u2019endoth<span>\u00e9lial<\/span> vasculaire<span>). <\/span>Ce facteur de croissance est impliqu\u00e9 dans la formation de vaisseaux sanguins anormaux qui peuvent endommager la r\u00e9tine. Les troubles oculaires tels que la DMLA et la r\u00e9tinopathie diab\u00e9tique peuvent entrainer une production excessive de VEGF, ce qui peut conduire \u00e0 des fuites et la formation de vaisseaux sanguins.<\/p>\n<p style=\"text-align: justify;\">L&rsquo;injection intravitr\u00e9enne d&rsquo;anti-VEGF consiste \u00e0 injecter un m\u00e9dicament directement dans l&rsquo;\u0153il, apr\u00e8s une anesth\u00e9sie par des gouttes oculaires. Ce m\u00e9dicament bloque l&rsquo;action du VEGF, ce qui contribue \u00e0 inhiber la formation de nouveaux vaisseaux sanguins anormaux et \u00e0 r\u00e9duire les fuites. Cela peut stabiliser ou m\u00eame am\u00e9liorer la vision.<\/p>\n<p style=\"text-align: justify;\">L&rsquo;intervention elle-m\u00eame ne prend g\u00e9n\u00e9ralement que quelques minutes. L&rsquo;ophtalmologiste insensibilise votre \u0153il \u00e0 l&rsquo;aide de gouttes. Une petite aiguille est ensuite introduite avec pr\u00e9caution dans la partie blanche de l&rsquo;\u0153il (scl\u00e9rotique), pr\u00e8s de la r\u00e9tine. Le m\u00e9dicament est inject\u00e9 lentement et l&rsquo;aiguille est retir\u00e9e. Apr\u00e8s l&rsquo;injection, vous pouvez ressentir une pression ou une irritation dans l&rsquo;\u0153il, mais cela devrait dispara\u00eetre rapidement.<\/p>\n<p>[\/et_pb_text][\/et_pb_column][et_pb_column type=\u00a0\u00bb1_3&Prime; _builder_version=\u00a0\u00bb4.21.0&Prime; _module_preset=\u00a0\u00bbdefault\u00a0\u00bb global_colors_info=\u00a0\u00bb{}\u00a0\u00bb][et_pb_image src=\u00a0\u00bbhttps:\/\/www.newvision.be\/wp-content\/uploads\/2024\/10\/New-Vision-intravitreale-injecties-scaled-e1729938015572.jpg\u00a0\u00bb alt=\u00a0\u00bbNew Vision &#8211; Injections intravitr\u00e9ennes\u00a0\u00bb title_text=\u00a0\u00bbNew Vision &#8211; Injections intravitr\u00e9ennes\u00a0\u00bb _builder_version=\u00a0\u00bb4.24.0&Prime; _module_preset=\u00a0\u00bbdefault\u00a0\u00bb global_colors_info=\u00a0\u00bb{}\u00a0\u00bb][\/et_pb_image][\/et_pb_column][\/et_pb_row][et_pb_row _builder_version=\u00a0\u00bb4.24.0&Prime; _module_preset=\u00a0\u00bbdefault\u00a0\u00bb custom_padding=\u00a0\u00bb0px||||false|false\u00a0\u00bb global_colors_info=\u00a0\u00bb{}\u00a0\u00bb][et_pb_column type=\u00a0\u00bb4_4&Prime; _builder_version=\u00a0\u00bb4.21.0&Prime; _module_preset=\u00a0\u00bbdefault\u00a0\u00bb global_colors_info=\u00a0\u00bb{}\u00a0\u00bb][et_pb_text _builder_version=\u00a0\u00bb4.24.0&Prime; _module_preset=\u00a0\u00bbdefault\u00a0\u00bb global_colors_info=\u00a0\u00bb{}\u00a0\u00bb]<\/p>\n<p style=\"text-align: justify;\">Les injections intravitr\u00e9ennes d&rsquo;anti-VEGF font g\u00e9n\u00e9ralement partie d&rsquo;un plan de traitement qui peut consister en plusieurs injections, avec des contr\u00f4les r\u00e9guliers chez l&rsquo;ophtalmologiste. La fr\u00e9quence des injections et le nombre total d&rsquo;injections d\u00e9pendent de la pathologie sp\u00e9cifique et \u00a0de la r\u00e9action de l&rsquo;individu au traitement.<\/p>\n<p style=\"text-align: justify;\">Il est important de se rappeler que les injections intravitr\u00e9ennes d&rsquo;anti-VEGF ne permettent pas de gu\u00e9rir d\u00e9finitivement les maladies oculaires, mais qu&rsquo;elles peuvent contribuer \u00e0 ralentir la progression de la maladie et \u00e0 pr\u00e9server ou am\u00e9liorer la vision.<span class=\"Apple-converted-space\"> <\/span><\/p>\n<p style=\"text-align: justify;\">Il est essentiel de rester en contact r\u00e9gulier avec votre ophtalmologiste et de lui signaler tout changement dans votre vision ou vos sympt\u00f4mes afin qu&rsquo;il puisse ajuster le traitement si n\u00e9cessaire.<\/p>\n<p>[\/et_pb_text][\/et_pb_column][\/et_pb_row][et_pb_row _builder_version=\u00a0\u00bb4.24.0&Prime; _module_preset=\u00a0\u00bbdefault\u00a0\u00bb custom_padding=\u00a0\u00bb0px||||false|false\u00a0\u00bb locked=\u00a0\u00bboff\u00a0\u00bb global_colors_info=\u00a0\u00bb{}\u00a0\u00bb][et_pb_column type=\u00a0\u00bb4_4&Prime; _builder_version=\u00a0\u00bb4.16&Prime; _module_preset=\u00a0\u00bbdefault\u00a0\u00bb global_colors_info=\u00a0\u00bb{}\u00a0\u00bb][et_pb_button button_url=\u00a0\u00bb\/fr\/prenez-rendez-vous\/?b=injections-intravitreennes\u00a0\u00bb url_new_window=\u00a0\u00bbon\u00a0\u00bb button_text=\u00a0\u00bbPrenez rendez-vous ici\u00a0\u00bb button_alignment=\u00a0\u00bbleft\u00a0\u00bb _builder_version=\u00a0\u00bb4.24.0&Prime; _module_preset=\u00a0\u00bbdefault\u00a0\u00bb custom_button=\u00a0\u00bbon\u00a0\u00bb button_bg_color=\u00a0\u00bb#AF0061&Prime; hover_enabled=\u00a0\u00bb0&Prime; global_colors_info=\u00a0\u00bb{}\u00a0\u00bb button_bg_color__hover=\u00a0\u00bb#6A2D91&Prime; button_bg_color__hover_enabled=\u00a0\u00bbon|hover\u00a0\u00bb button_bg_enable_color__hover=\u00a0\u00bbon\u00a0\u00bb sticky_enabled=\u00a0\u00bb0&Prime;][\/et_pb_button][\/et_pb_column][\/et_pb_row][\/et_pb_section]<\/p>\n","protected":false},"excerpt":{"rendered":"<p>\u00a0 Injections intravitr\u00e9ennes &nbsp;Qu\u2019est-ce qu\u2019une injection intravitr\u00e9enne\u00a0? Les injections intravitr\u00e9ennes d&rsquo;anti-VEGF sont une option th\u00e9rapeutique utilis\u00e9e dans certaines affections oculaires, telles que la d\u00e9g\u00e9n\u00e9rescence maculaire li\u00e9e \u00e0 l&rsquo;\u00e2ge (DMLA), la r\u00e9tinopathie diab\u00e9tique et les occlusions vasculaires de la r\u00e9tine. Ces injections sont effectu\u00e9es dans le vitr\u00e9, la mati\u00e8re g\u00e9latineuse situ\u00e9e au centre de l&rsquo;\u0153il, pr\u00e8s [&hellip;]<\/p>\n","protected":false},"author":5,"featured_media":0,"parent":6832,"menu_order":0,"comment_status":"closed","ping_status":"closed","template":"","meta":{"_acf_changed":false,"_et_pb_use_builder":"on","_et_pb_old_content":"","_et_gb_content_width":"","om_disable_all_campaigns":false,"footnotes":""},"class_list":["post-6585","page","type-page","status-publish","hentry"],"acf":[],"yoast_head":"<!-- This site is optimized with the Yoast SEO plugin v25.2 - https:\/\/yoast.com\/wordpress\/plugins\/seo\/ -->\n<title>Injections intravitr\u00e9ennes - New Vision Oogklinieken<\/title>\n<meta name=\"robots\" content=\"index, follow, max-snippet:-1, max-image-preview:large, max-video-preview:-1\" \/>\n<link rel=\"canonical\" href=\"https:\/\/www.newvision.be\/fr\/traitements\/intra-vitreale-injecties-fr\/\" \/>\n<meta property=\"og:locale\" content=\"fr_FR\" \/>\n<meta property=\"og:type\" content=\"article\" \/>\n<meta property=\"og:title\" content=\"Injections intravitr\u00e9ennes - New Vision Oogklinieken\" \/>\n<meta property=\"og:description\" content=\"\u00a0 Injections intravitr\u00e9ennes &nbsp;Qu\u2019est-ce qu\u2019une injection intravitr\u00e9enne\u00a0? Les injections intravitr\u00e9ennes d&#039;anti-VEGF sont une option th\u00e9rapeutique utilis\u00e9e dans certaines affections oculaires, telles que la d\u00e9g\u00e9n\u00e9rescence maculaire li\u00e9e \u00e0 l&#039;\u00e2ge (DMLA), la r\u00e9tinopathie diab\u00e9tique et les occlusions vasculaires de la r\u00e9tine. Ces injections sont effectu\u00e9es dans le vitr\u00e9, la mati\u00e8re g\u00e9latineuse situ\u00e9e au centre de l&#039;\u0153il, pr\u00e8s [&hellip;]\" \/>\n<meta property=\"og:url\" content=\"https:\/\/www.newvision.be\/fr\/traitements\/intra-vitreale-injecties-fr\/\" \/>\n<meta property=\"og:site_name\" content=\"New Vision Oogklinieken\" \/>\n<meta property=\"article:modified_time\" content=\"2025-06-01T12:59:36+00:00\" \/>\n<meta name=\"twitter:card\" content=\"summary_large_image\" \/>\n<meta name=\"twitter:label1\" content=\"Dur\u00e9e de lecture estim\u00e9e\" \/>\n\t<meta name=\"twitter:data1\" content=\"6 minutes\" \/>\n<script type=\"application\/ld+json\" class=\"yoast-schema-graph\">{\"@context\":\"https:\/\/schema.org\",\"@graph\":[{\"@type\":\"WebPage\",\"@id\":\"https:\/\/www.newvision.be\/fr\/traitements\/intra-vitreale-injecties-fr\/\",\"url\":\"https:\/\/www.newvision.be\/fr\/traitements\/intra-vitreale-injecties-fr\/\",\"name\":\"Injections intravitr\u00e9ennes - New Vision Oogklinieken\",\"isPartOf\":{\"@id\":\"https:\/\/www.newvision.be\/fr\/#website\"},\"datePublished\":\"2023-06-26T06:07:59+00:00\",\"dateModified\":\"2025-06-01T12:59:36+00:00\",\"breadcrumb\":{\"@id\":\"https:\/\/www.newvision.be\/fr\/traitements\/intra-vitreale-injecties-fr\/#breadcrumb\"},\"inLanguage\":\"fr-FR\",\"potentialAction\":[{\"@type\":\"ReadAction\",\"target\":[\"https:\/\/www.newvision.be\/fr\/traitements\/intra-vitreale-injecties-fr\/\"]}]},{\"@type\":\"BreadcrumbList\",\"@id\":\"https:\/\/www.newvision.be\/fr\/traitements\/intra-vitreale-injecties-fr\/#breadcrumb\",\"itemListElement\":[{\"@type\":\"ListItem\",\"position\":1,\"name\":\"Home\",\"item\":\"https:\/\/www.newvision.be\/fr\/\"},{\"@type\":\"ListItem\",\"position\":2,\"name\":\"Traitements\",\"item\":\"https:\/\/www.newvision.be\/fr\/behandelingen\/\"},{\"@type\":\"ListItem\",\"position\":3,\"name\":\"Injections intravitr\u00e9ennes\"}]},{\"@type\":\"WebSite\",\"@id\":\"https:\/\/www.newvision.be\/fr\/#website\",\"url\":\"https:\/\/www.newvision.be\/fr\/\",\"name\":\"New Vision Oogklinieken\",\"description\":\"\",\"potentialAction\":[{\"@type\":\"SearchAction\",\"target\":{\"@type\":\"EntryPoint\",\"urlTemplate\":\"https:\/\/www.newvision.be\/fr\/?s={search_term_string}\"},\"query-input\":{\"@type\":\"PropertyValueSpecification\",\"valueRequired\":true,\"valueName\":\"search_term_string\"}}],\"inLanguage\":\"fr-FR\"}]}<\/script>\n<!-- \/ Yoast SEO plugin. -->","yoast_head_json":{"title":"Injections intravitr\u00e9ennes - New Vision Oogklinieken","robots":{"index":"index","follow":"follow","max-snippet":"max-snippet:-1","max-image-preview":"max-image-preview:large","max-video-preview":"max-video-preview:-1"},"canonical":"https:\/\/www.newvision.be\/fr\/traitements\/intra-vitreale-injecties-fr\/","og_locale":"fr_FR","og_type":"article","og_title":"Injections intravitr\u00e9ennes - New Vision Oogklinieken","og_description":"\u00a0 Injections intravitr\u00e9ennes &nbsp;Qu\u2019est-ce qu\u2019une injection intravitr\u00e9enne\u00a0? Les injections intravitr\u00e9ennes d'anti-VEGF sont une option th\u00e9rapeutique utilis\u00e9e dans certaines affections oculaires, telles que la d\u00e9g\u00e9n\u00e9rescence maculaire li\u00e9e \u00e0 l'\u00e2ge (DMLA), la r\u00e9tinopathie diab\u00e9tique et les occlusions vasculaires de la r\u00e9tine. Ces injections sont effectu\u00e9es dans le vitr\u00e9, la mati\u00e8re g\u00e9latineuse situ\u00e9e au centre de l'\u0153il, pr\u00e8s [&hellip;]","og_url":"https:\/\/www.newvision.be\/fr\/traitements\/intra-vitreale-injecties-fr\/","og_site_name":"New Vision Oogklinieken","article_modified_time":"2025-06-01T12:59:36+00:00","twitter_card":"summary_large_image","twitter_misc":{"Dur\u00e9e de lecture estim\u00e9e":"6 minutes"},"schema":{"@context":"https:\/\/schema.org","@graph":[{"@type":"WebPage","@id":"https:\/\/www.newvision.be\/fr\/traitements\/intra-vitreale-injecties-fr\/","url":"https:\/\/www.newvision.be\/fr\/traitements\/intra-vitreale-injecties-fr\/","name":"Injections intravitr\u00e9ennes - New Vision Oogklinieken","isPartOf":{"@id":"https:\/\/www.newvision.be\/fr\/#website"},"datePublished":"2023-06-26T06:07:59+00:00","dateModified":"2025-06-01T12:59:36+00:00","breadcrumb":{"@id":"https:\/\/www.newvision.be\/fr\/traitements\/intra-vitreale-injecties-fr\/#breadcrumb"},"inLanguage":"fr-FR","potentialAction":[{"@type":"ReadAction","target":["https:\/\/www.newvision.be\/fr\/traitements\/intra-vitreale-injecties-fr\/"]}]},{"@type":"BreadcrumbList","@id":"https:\/\/www.newvision.be\/fr\/traitements\/intra-vitreale-injecties-fr\/#breadcrumb","itemListElement":[{"@type":"ListItem","position":1,"name":"Home","item":"https:\/\/www.newvision.be\/fr\/"},{"@type":"ListItem","position":2,"name":"Traitements","item":"https:\/\/www.newvision.be\/fr\/behandelingen\/"},{"@type":"ListItem","position":3,"name":"Injections intravitr\u00e9ennes"}]},{"@type":"WebSite","@id":"https:\/\/www.newvision.be\/fr\/#website","url":"https:\/\/www.newvision.be\/fr\/","name":"New Vision Oogklinieken","description":"","potentialAction":[{"@type":"SearchAction","target":{"@type":"EntryPoint","urlTemplate":"https:\/\/www.newvision.be\/fr\/?s={search_term_string}"},"query-input":{"@type":"PropertyValueSpecification","valueRequired":true,"valueName":"search_term_string"}}],"inLanguage":"fr-FR"}]}},"_links":{"self":[{"href":"https:\/\/www.newvision.be\/fr\/wp-json\/wp\/v2\/pages\/6585","targetHints":{"allow":["GET"]}}],"collection":[{"href":"https:\/\/www.newvision.be\/fr\/wp-json\/wp\/v2\/pages"}],"about":[{"href":"https:\/\/www.newvision.be\/fr\/wp-json\/wp\/v2\/types\/page"}],"author":[{"embeddable":true,"href":"https:\/\/www.newvision.be\/fr\/wp-json\/wp\/v2\/users\/5"}],"replies":[{"embeddable":true,"href":"https:\/\/www.newvision.be\/fr\/wp-json\/wp\/v2\/comments?post=6585"}],"version-history":[{"count":47,"href":"https:\/\/www.newvision.be\/fr\/wp-json\/wp\/v2\/pages\/6585\/revisions"}],"predecessor-version":[{"id":7432,"href":"https:\/\/www.newvision.be\/fr\/wp-json\/wp\/v2\/pages\/6585\/revisions\/7432"}],"up":[{"embeddable":true,"href":"https:\/\/www.newvision.be\/fr\/wp-json\/wp\/v2\/pages\/6832"}],"wp:attachment":[{"href":"https:\/\/www.newvision.be\/fr\/wp-json\/wp\/v2\/media?parent=6585"}],"curies":[{"name":"wp","href":"https:\/\/api.w.org\/{rel}","templated":true}]}}